{"id":468,"date":"2023-09-12T17:18:51","date_gmt":"2023-09-12T15:18:51","guid":{"rendered":"https:\/\/weddingcalleventos.com\/?page_id=468"},"modified":"2023-09-12T17:29:49","modified_gmt":"2023-09-12T15:29:49","slug":"canon-de-espuma","status":"publish","type":"page","link":"https:\/\/weddingcalleventos.com\/en\/servicios\/canon-de-espuma\/","title":{"rendered":"FOAM CANNON"},"content":{"rendered":"<div data-elementor-type=\"wp-page\" data-elementor-id=\"468\" class=\"elementor elementor-468\" data-elementor-post-type=\"page\">\n\t\t\t\t\t\t\t\t\t<section class=\"elementor-section elementor-top-section elementor-element elementor-element-3c380912 elementor-section-boxed elementor-section-height-default elementor-section-height-default\" data-id=\"3c380912\" data-element_type=\"section\" data-settings=\"{&quot;background_background&quot;:&quot;classic&quot;}\">\n\t\t\t\t\t\t<div class=\"elementor-container elementor-column-gap-default\">\n\t\t\t\t\t<div class=\"elementor-column elementor-col-100 elementor-top-column elementor-element elementor-element-7d469376\" data-id=\"7d469376\" data-element_type=\"column\">\n\t\t\t<div class=\"elementor-widget-wrap elementor-element-populated\">\n\t\t\t\t\t\t\t\t<div class=\"elementor-element elementor-element-176f1972 elementor-widget elementor-widget-heading\" data-id=\"176f1972\" data-element_type=\"widget\" data-widget_type=\"heading.default\">\n\t\t\t\t<div class=\"elementor-widget-container\">\n\t\t\t<style>\/*! elementor - v3.15.0 - 20-08-2023 *\/\n.elementor-heading-title{padding:0;margin:0;line-height:1}.elementor-widget-heading .elementor-heading-title[class*=elementor-size-]>a{color:inherit;font-size:inherit;line-height:inherit}.elementor-widget-heading .elementor-heading-title.elementor-size-small{font-size:15px}.elementor-widget-heading .elementor-heading-title.elementor-size-medium{font-size:19px}.elementor-widget-heading .elementor-heading-title.elementor-size-large{font-size:29px}.elementor-widget-heading .elementor-heading-title.elementor-size-xl{font-size:39px}.elementor-widget-heading .elementor-heading-title.elementor-size-xxl{font-size:59px}<\/style><h1 class=\"elementor-heading-title elementor-size-default\">WATER PARK URBAN<\/h1>\t\t<\/div>\n\t\t\t\t<\/div>\n\t\t\t\t\t<\/div>\n\t\t<\/div>\n\t\t\t\t\t\t\t<\/div>\n\t\t<\/section>\n\t\t\t\t<section class=\"elementor-section elementor-top-section elementor-element elementor-element-59338c29 elementor-section-boxed elementor-section-height-default elementor-section-height-default\" data-id=\"59338c29\" data-element_type=\"section\" data-settings=\"{&quot;background_background&quot;:&quot;classic&quot;}\">\n\t\t\t\t\t\t<div class=\"elementor-container elementor-column-gap-default\">\n\t\t\t\t\t<div class=\"elementor-column elementor-col-100 elementor-top-column elementor-element elementor-element-2e8c771d\" data-id=\"2e8c771d\" data-element_type=\"column\">\n\t\t\t<div class=\"elementor-widget-wrap elementor-element-populated\">\n\t\t\t\t\t\t\t\t<div class=\"elementor-element elementor-element-61978abf elementor-widget elementor-widget-heading\" data-id=\"61978abf\" data-element_type=\"widget\" data-widget_type=\"heading.default\">\n\t\t\t\t<div class=\"elementor-widget-container\">\n\t\t\t<p class=\"elementor-heading-title elementor-size-default\">FUN FOR YOUR PARTY<\/p>\t\t<\/div>\n\t\t\t\t<\/div>\n\t\t\t\t<div class=\"elementor-element elementor-element-15e0c603 elementor-widget elementor-widget-heading\" data-id=\"15e0c603\" data-element_type=\"widget\" data-widget_type=\"heading.default\">\n\t\t\t\t<div class=\"elementor-widget-container\">\n\t\t\t<h2 class=\"elementor-heading-title elementor-size-default\">THE BEST OPTION FOR HOT DAYS<\/h2>\t\t<\/div>\n\t\t\t\t<\/div>\n\t\t\t\t<div class=\"elementor-element elementor-element-296e25fa elementor-widget elementor-widget-text-editor\" data-id=\"296e25fa\" data-element_type=\"widget\" data-widget_type=\"text-editor.default\">\n\t\t\t\t<div class=\"elementor-widget-container\">\n\t\t\t<style>\/*! elementor - v3.15.0 - 20-08-2023 *\/\n.elementor-widget-text-editor.elementor-drop-cap-view-stacked .elementor-drop-cap{background-color:#69727d;color:#fff}.elementor-widget-text-editor.elementor-drop-cap-view-framed .elementor-drop-cap{color:#69727d;border:3px solid;background-color:transparent}.elementor-widget-text-editor:not(.elementor-drop-cap-view-default) .elementor-drop-cap{margin-top:8px}.elementor-widget-text-editor:not(.elementor-drop-cap-view-default) .elementor-drop-cap-letter{width:1em;height:1em}.elementor-widget-text-editor .elementor-drop-cap{float:left;text-align:center;line-height:1;font-size:50px}.elementor-widget-text-editor .elementor-drop-cap-letter{display:inline-block}<\/style>\t\t\t\t<p>One of the best options we have to accompany the urban water park. Adults and children will enjoy together!<\/p>\t\t\t\t\t\t<\/div>\n\t\t\t\t<\/div>\n\t\t\t\t<section class=\"elementor-section elementor-inner-section elementor-element elementor-element-1d8663bb elementor-section-boxed elementor-section-height-default elementor-section-height-default\" data-id=\"1d8663bb\" data-element_type=\"section\">\n\t\t\t\t\t\t<div class=\"elementor-container elementor-column-gap-default\">\n\t\t\t\t\t<div class=\"elementor-column elementor-col-50 elementor-inner-column elementor-element elementor-element-648a1082\" data-id=\"648a1082\" data-element_type=\"column\">\n\t\t\t<div class=\"elementor-widget-wrap elementor-element-populated\">\n\t\t\t\t\t\t\t\t<div class=\"elementor-element elementor-element-599dd4a1 elementor-widget elementor-widget-image\" data-id=\"599dd4a1\" data-element_type=\"widget\" data-widget_type=\"image.default\">\n\t\t\t\t<div class=\"elementor-widget-container\">\n\t\t\t<style>\/*! elementor - v3.15.0 - 20-08-2023 *\/\n.elementor-widget-image{text-align:center}.elementor-widget-image a{display:inline-block}.elementor-widget-image a img[src$=\".svg\"]{width:48px}.elementor-widget-image img{vertical-align:middle;display:inline-block}<\/style>\t\t\t\t\t\t\t\t\t\t\t\t<img loading=\"lazy\" decoding=\"async\" width=\"800\" height=\"500\" src=\"https:\/\/weddingcalleventos.com\/wp-content\/uploads\/2023\/09\/espuma1.jpg\" class=\"attachment-full size-full wp-image-472\" alt=\"Gente en una fiesta de la espuma\" srcset=\"https:\/\/weddingcalleventos.com\/wp-content\/uploads\/2023\/09\/espuma1.jpg 800w, https:\/\/weddingcalleventos.com\/wp-content\/uploads\/2023\/09\/espuma1-300x188.jpg 300w, https:\/\/weddingcalleventos.com\/wp-content\/uploads\/2023\/09\/espuma1-768x480.jpg 768w, https:\/\/weddingcalleventos.com\/wp-content\/uploads\/2023\/09\/espuma1-18x12.jpg 18w\" sizes=\"auto, (max-width: 800px) 100vw, 800px\" \/>\t\t\t\t\t\t\t\t\t\t\t\t\t\t\t<\/div>\n\t\t\t\t<\/div>\n\t\t\t\t\t<\/div>\n\t\t<\/div>\n\t\t\t\t<div class=\"elementor-column elementor-col-50 elementor-inner-column elementor-element elementor-element-3d77bb7e\" data-id=\"3d77bb7e\" data-element_type=\"column\">\n\t\t\t<div class=\"elementor-widget-wrap elementor-element-populated\">\n\t\t\t\t\t\t\t\t<div class=\"elementor-element elementor-element-40baf743 elementor-widget elementor-widget-image\" data-id=\"40baf743\" data-element_type=\"widget\" data-widget_type=\"image.default\">\n\t\t\t\t<div class=\"elementor-widget-container\">\n\t\t\t\t\t\t\t\t\t\t\t\t\t\t\t<img loading=\"lazy\" decoding=\"async\" width=\"800\" height=\"500\" src=\"https:\/\/weddingcalleventos.com\/wp-content\/uploads\/2023\/09\/parque-urbano2.jpg\" class=\"attachment-full size-full wp-image-314\" alt=\"Parque acu\u00e1tico urbando montado para un evento\" srcset=\"https:\/\/weddingcalleventos.com\/wp-content\/uploads\/2023\/09\/parque-urbano2.jpg 800w, https:\/\/weddingcalleventos.com\/wp-content\/uploads\/2023\/09\/parque-urbano2-300x188.jpg 300w, https:\/\/weddingcalleventos.com\/wp-content\/uploads\/2023\/09\/parque-urbano2-768x480.jpg 768w, https:\/\/weddingcalleventos.com\/wp-content\/uploads\/2023\/09\/parque-urbano2-18x12.jpg 18w\" sizes=\"auto, (max-width: 800px) 100vw, 800px\" \/>\t\t\t\t\t\t\t\t\t\t\t\t\t\t\t<\/div>\n\t\t\t\t<\/div>\n\t\t\t\t\t<\/div>\n\t\t<\/div>\n\t\t\t\t\t\t\t<\/div>\n\t\t<\/section>\n\t\t\t\t<div class=\"elementor-element elementor-element-21eea1ae elementor-widget elementor-widget-text-editor\" data-id=\"21eea1ae\" data-element_type=\"widget\" data-widget_type=\"text-editor.default\">\n\t\t\t\t<div class=\"elementor-widget-container\">\n\t\t\t\t\t\t\t<p>Foam cannon is a perfect activity for adults and children to enjoy together, since it does not require age divisions for proper development. In this way, both adults and children will be able to dance to the rhythm of the best music while they immerse themselves in our foam.<\/p><p>The foam cannon is ideal for any type of event, whether large or small, from end-of-year parties in schools, major festivals in towns, neighborhoods, housing estates, neighborhood associations... refresh your clients in discos, pubs, barracks... or surprise your friends and guests at birthday parties or theme parties, you use your imagination.<\/p><p>The canyon foam is ideal for any type of event, big or small, from festivals of end-of-course at colleges, festivals of towns, districts, housing estates, neighbourhood associations... refreshes your customers in nightclubs, pubs, barracks... or surprise your friends and guests at birthday parties or themed parties, you put your imagination.<\/p><p>\u00a0<\/p>\t\t\t\t\t\t<\/div>\n\t\t\t\t<\/div>\n\t\t\t\t\t<\/div>\n\t\t<\/div>\n\t\t\t\t\t\t\t<\/div>\n\t\t<\/section>\n\t\t\t\t<section class=\"elementor-section elementor-top-section elementor-element elementor-element-36207a1e elementor-section-boxed elementor-section-height-default elementor-section-height-default\" data-id=\"36207a1e\" data-element_type=\"section\" data-settings=\"{&quot;background_background&quot;:&quot;classic&quot;}\">\n\t\t\t\t\t\t<div class=\"elementor-container elementor-column-gap-default\">\n\t\t\t\t\t<div class=\"elementor-column elementor-col-66 elementor-top-column elementor-element elementor-element-7440ff93\" data-id=\"7440ff93\" data-element_type=\"column\">\n\t\t\t<div class=\"elementor-widget-wrap elementor-element-populated\">\n\t\t\t\t\t\t\t\t<div class=\"elementor-element elementor-element-3212ba4a elementor-widget elementor-widget-heading\" data-id=\"3212ba4a\" data-element_type=\"widget\" data-widget_type=\"heading.default\">\n\t\t\t\t<div class=\"elementor-widget-container\">\n\t\t\t<h3 class=\"elementor-heading-title elementor-size-default\">ASK FOR YOUR BUDGET WITHOUT OBLIGATION<\/h3>\t\t<\/div>\n\t\t\t\t<\/div>\n\t\t\t\t\t<\/div>\n\t\t<\/div>\n\t\t\t\t<div class=\"elementor-column elementor-col-33 elementor-top-column elementor-element elementor-element-d2adbb7\" data-id=\"d2adbb7\" data-element_type=\"column\">\n\t\t\t<div class=\"elementor-widget-wrap elementor-element-populated\">\n\t\t\t\t\t\t\t\t<div class=\"elementor-element elementor-element-ebbac73 elementor-align-center elementor-widget__width-inherit elementor-widget elementor-widget-button\" data-id=\"ebbac73\" data-element_type=\"widget\" data-widget_type=\"button.default\">\n\t\t\t\t<div class=\"elementor-widget-container\">\n\t\t\t\t\t<div class=\"elementor-button-wrapper\">\n\t\t\t<a class=\"elementor-button elementor-button-link elementor-size-sm\" href=\"https:\/\/weddingcalleventos.com\/en\/contacto\/\">\n\t\t\t\t\t\t<span class=\"elementor-button-content-wrapper\">\n\t\t\t\t\t\t<span class=\"elementor-button-text\">REQUEST A QUOTE<\/span>\n\t\t<\/span>\n\t\t\t\t\t<\/a>\n\t\t<\/div>\n\t\t\t\t<\/div>\n\t\t\t\t<\/div>\n\t\t\t\t\t<\/div>\n\t\t<\/div>\n\t\t\t\t\t\t\t<\/div>\n\t\t<\/section>\n\t\t\t\t<section class=\"elementor-section elementor-top-section elementor-element elementor-element-679aaee8 elementor-section-boxed elementor-section-height-default elementor-section-height-default\" data-id=\"679aaee8\" data-element_type=\"section\" data-settings=\"{&quot;background_background&quot;:&quot;classic&quot;}\">\n\t\t\t\t\t\t<div class=\"elementor-container elementor-column-gap-default\">\n\t\t\t\t\t<div class=\"elementor-column elementor-col-100 elementor-top-column elementor-element elementor-element-60220e6e\" data-id=\"60220e6e\" data-element_type=\"column\">\n\t\t\t<div class=\"elementor-widget-wrap elementor-element-populated\">\n\t\t\t\t\t\t\t\t<section class=\"elementor-section elementor-inner-section elementor-element elementor-element-1f1e89b elementor-section-boxed elementor-section-height-default elementor-section-height-default\" data-id=\"1f1e89b\" data-element_type=\"section\">\n\t\t\t\t\t\t<div class=\"elementor-container elementor-column-gap-default\">\n\t\t\t\t\t<div class=\"elementor-column elementor-col-50 elementor-inner-column elementor-element elementor-element-10d4d9bf\" data-id=\"10d4d9bf\" data-element_type=\"column\">\n\t\t\t<div class=\"elementor-widget-wrap elementor-element-populated\">\n\t\t\t\t\t\t\t\t<div class=\"elementor-element elementor-element-57a8881 elementor-widget elementor-widget-image\" data-id=\"57a8881\" data-element_type=\"widget\" data-widget_type=\"image.default\">\n\t\t\t\t<div class=\"elementor-widget-container\">\n\t\t\t\t\t\t\t\t\t\t\t\t\t\t\t<img loading=\"lazy\" decoding=\"async\" width=\"800\" height=\"500\" src=\"https:\/\/weddingcalleventos.com\/wp-content\/uploads\/2023\/09\/espuma3.jpg\" class=\"attachment-full size-full wp-image-471\" alt=\"Monitor de Wedding Call Eventos con un ca\u00f1o de espuma\" srcset=\"https:\/\/weddingcalleventos.com\/wp-content\/uploads\/2023\/09\/espuma3.jpg 800w, https:\/\/weddingcalleventos.com\/wp-content\/uploads\/2023\/09\/espuma3-300x188.jpg 300w, https:\/\/weddingcalleventos.com\/wp-content\/uploads\/2023\/09\/espuma3-768x480.jpg 768w, https:\/\/weddingcalleventos.com\/wp-content\/uploads\/2023\/09\/espuma3-18x12.jpg 18w\" sizes=\"auto, (max-width: 800px) 100vw, 800px\" \/>\t\t\t\t\t\t\t\t\t\t\t\t\t\t\t<\/div>\n\t\t\t\t<\/div>\n\t\t\t\t\t<\/div>\n\t\t<\/div>\n\t\t\t\t<div class=\"elementor-column elementor-col-50 elementor-inner-column elementor-element elementor-element-2e8c4424\" data-id=\"2e8c4424\" data-element_type=\"column\">\n\t\t\t<div class=\"elementor-widget-wrap elementor-element-populated\">\n\t\t\t\t\t\t\t\t<div class=\"elementor-element elementor-element-611e5227 elementor-widget elementor-widget-text-editor\" data-id=\"611e5227\" data-element_type=\"widget\" data-widget_type=\"text-editor.default\">\n\t\t\t\t<div class=\"elementor-widget-container\">\n\t\t\t\t\t\t\t<p>At Wedding Call Events we work with approved foaming liquids with a Neutral Ph, which DO NOT stain, DO NOT irritate and are NOT toxic. For us, at the\u00a0<i>foam party<\/i>\u00a0foam party the safety of all our customers is very important, for this reason our cannons are checked regularly, ensuring that they are working perfectly. Our cannons are approved and certified according to the laws of the European Union, in addition to having extensive Civil Liability insurance.<\/p><p>Each foam party we hold is accompanied by our monitors, who are in charge of regulating the power and amount of foam, ensuring the safety of adults and children.<\/p>\t\t\t\t\t\t<\/div>\n\t\t\t\t<\/div>\n\t\t\t\t\t<\/div>\n\t\t<\/div>\n\t\t\t\t\t\t\t<\/div>\n\t\t<\/section>\n\t\t\t\t\t<\/div>\n\t\t<\/div>\n\t\t\t\t\t\t\t<\/div>\n\t\t<\/section>\n\t\t\t\t\t\t\t<\/div>","protected":false},"excerpt":{"rendered":"<p>PARQUE ACU\u00c1TICO URBANO DIVERSI\u00d3N PARA TU FIESTA LA MEJOR OPCI\u00d3N PARA D\u00cdAS CALUROSOS \u00a1Una de las mejores opciones que tenemos para acompa\u00f1ar con el parque acu\u00e1tico urbano. Mayores y ni\u00f1os disfrutar\u00e1n juntos! El ca\u00f1on de espuma es una actividad perfecta para que adultos y ni\u00f1os disfruten juntos, ya que no requiere divisiones por edades para [&hellip;]<\/p>","protected":false},"author":1,"featured_media":0,"parent":228,"menu_order":0,"comment_status":"closed","ping_status":"closed","template":"","meta":{"footnotes":""},"class_list":["post-468","page","type-page","status-publish","hentry"],"yoast_head":"<!-- This site is optimized with the Yoast SEO plugin v23.4 - https:\/\/yoast.com\/wordpress\/plugins\/seo\/ -->\n<title>CA\u00d1ON DE ESPUMA - WeddingCallEventos<\/title>\n<meta name=\"robots\" content=\"index, follow, max-snippet:-1, max-image-preview:large, max-video-preview:-1\" \/>\n<link rel=\"canonical\" href=\"https:\/\/weddingcalleventos.com\/en\/servicios\/canon-de-espuma\/\" \/>\n<meta property=\"og:locale\" content=\"en_GB\" \/>\n<meta property=\"og:type\" content=\"article\" \/>\n<meta property=\"og:title\" content=\"CA\u00d1ON DE ESPUMA - WeddingCallEventos\" \/>\n<meta property=\"og:description\" content=\"PARQUE ACU\u00c1TICO URBANO DIVERSI\u00d3N PARA TU FIESTA LA MEJOR OPCI\u00d3N PARA D\u00cdAS CALUROSOS \u00a1Una de las mejores opciones que tenemos para acompa\u00f1ar con el parque acu\u00e1tico urbano. Mayores y ni\u00f1os disfrutar\u00e1n juntos! El ca\u00f1on de espuma es una actividad perfecta para que adultos y ni\u00f1os disfruten juntos, ya que no requiere divisiones por edades para [&hellip;]\" \/>\n<meta property=\"og:url\" content=\"https:\/\/weddingcalleventos.com\/en\/servicios\/canon-de-espuma\/\" \/>\n<meta property=\"og:site_name\" content=\"WeddingCallEventos\" \/>\n<meta property=\"article:publisher\" content=\"https:\/\/www.facebook.com\/weddindcall\" \/>\n<meta property=\"article:modified_time\" content=\"2023-09-12T15:29:49+00:00\" \/>\n<meta property=\"og:image\" content=\"https:\/\/weddingcalleventos.com\/wp-content\/uploads\/2023\/09\/espuma1.jpg\" \/>\n<meta name=\"twitter:card\" content=\"summary_large_image\" \/>\n<meta name=\"twitter:label1\" content=\"Estimated reading time\" \/>\n\t<meta name=\"twitter:data1\" content=\"2 minutes\" \/>\n<script type=\"application\/ld+json\" class=\"yoast-schema-graph\">{\"@context\":\"https:\/\/schema.org\",\"@graph\":[{\"@type\":\"WebPage\",\"@id\":\"https:\/\/weddingcalleventos.com\/servicios\/canon-de-espuma\/\",\"url\":\"https:\/\/weddingcalleventos.com\/servicios\/canon-de-espuma\/\",\"name\":\"CA\u00d1ON DE ESPUMA - WeddingCallEventos\",\"isPartOf\":{\"@id\":\"https:\/\/weddingcalleventos.com\/#website\"},\"primaryImageOfPage\":{\"@id\":\"https:\/\/weddingcalleventos.com\/servicios\/canon-de-espuma\/#primaryimage\"},\"image\":{\"@id\":\"https:\/\/weddingcalleventos.com\/servicios\/canon-de-espuma\/#primaryimage\"},\"thumbnailUrl\":\"https:\/\/weddingcalleventos.com\/wp-content\/uploads\/2023\/09\/espuma1.jpg\",\"datePublished\":\"2023-09-12T15:18:51+00:00\",\"dateModified\":\"2023-09-12T15:29:49+00:00\",\"breadcrumb\":{\"@id\":\"https:\/\/weddingcalleventos.com\/servicios\/canon-de-espuma\/#breadcrumb\"},\"inLanguage\":\"en-GB\",\"potentialAction\":[{\"@type\":\"ReadAction\",\"target\":[\"https:\/\/weddingcalleventos.com\/servicios\/canon-de-espuma\/\"]}]},{\"@type\":\"ImageObject\",\"inLanguage\":\"en-GB\",\"@id\":\"https:\/\/weddingcalleventos.com\/servicios\/canon-de-espuma\/#primaryimage\",\"url\":\"https:\/\/weddingcalleventos.com\/wp-content\/uploads\/2023\/09\/espuma1.jpg\",\"contentUrl\":\"https:\/\/weddingcalleventos.com\/wp-content\/uploads\/2023\/09\/espuma1.jpg\"},{\"@type\":\"BreadcrumbList\",\"@id\":\"https:\/\/weddingcalleventos.com\/servicios\/canon-de-espuma\/#breadcrumb\",\"itemListElement\":[{\"@type\":\"ListItem\",\"position\":1,\"name\":\"Portada\",\"item\":\"https:\/\/weddingcalleventos.com\/\"},{\"@type\":\"ListItem\",\"position\":2,\"name\":\"Servicios\",\"item\":\"https:\/\/weddingcalleventos.com\/servicios\/\"},{\"@type\":\"ListItem\",\"position\":3,\"name\":\"CA\u00d1ON DE ESPUMA\"}]},{\"@type\":\"WebSite\",\"@id\":\"https:\/\/weddingcalleventos.com\/#website\",\"url\":\"https:\/\/weddingcalleventos.com\/\",\"name\":\"Wedding Call Eventos\",\"description\":\"\",\"publisher\":{\"@id\":\"https:\/\/weddingcalleventos.com\/#organization\"},\"potentialAction\":[{\"@type\":\"SearchAction\",\"target\":{\"@type\":\"EntryPoint\",\"urlTemplate\":\"https:\/\/weddingcalleventos.com\/?s={search_term_string}\"},\"query-input\":{\"@type\":\"PropertyValueSpecification\",\"valueRequired\":true,\"valueName\":\"search_term_string\"}}],\"inLanguage\":\"en-GB\"},{\"@type\":\"Organization\",\"@id\":\"https:\/\/weddingcalleventos.com\/#organization\",\"name\":\"Wedding Call Eventos\",\"url\":\"https:\/\/weddingcalleventos.com\/\",\"logo\":{\"@type\":\"ImageObject\",\"inLanguage\":\"en-GB\",\"@id\":\"https:\/\/weddingcalleventos.com\/#\/schema\/logo\/image\/\",\"url\":\"https:\/\/weddingcalleventos.com\/wp-content\/uploads\/2023\/09\/web-logo-wdc.png\",\"contentUrl\":\"https:\/\/weddingcalleventos.com\/wp-content\/uploads\/2023\/09\/web-logo-wdc.png\",\"width\":393,\"height\":95,\"caption\":\"Wedding Call Eventos\"},\"image\":{\"@id\":\"https:\/\/weddingcalleventos.com\/#\/schema\/logo\/image\/\"},\"sameAs\":[\"https:\/\/www.facebook.com\/weddindcall\",\"https:\/\/www.instagram.com\/wedding.call\/\"]}]}<\/script>\n<!-- \/ Yoast SEO plugin. -->","yoast_head_json":{"title":"CA\u00d1ON DE ESPUMA - WeddingCallEventos","robots":{"index":"index","follow":"follow","max-snippet":"max-snippet:-1","max-image-preview":"max-image-preview:large","max-video-preview":"max-video-preview:-1"},"canonical":"https:\/\/weddingcalleventos.com\/en\/servicios\/canon-de-espuma\/","og_locale":"en_GB","og_type":"article","og_title":"CA\u00d1ON DE ESPUMA - WeddingCallEventos","og_description":"PARQUE ACU\u00c1TICO URBANO DIVERSI\u00d3N PARA TU FIESTA LA MEJOR OPCI\u00d3N PARA D\u00cdAS CALUROSOS \u00a1Una de las mejores opciones que tenemos para acompa\u00f1ar con el parque acu\u00e1tico urbano. Mayores y ni\u00f1os disfrutar\u00e1n juntos! El ca\u00f1on de espuma es una actividad perfecta para que adultos y ni\u00f1os disfruten juntos, ya que no requiere divisiones por edades para [&hellip;]","og_url":"https:\/\/weddingcalleventos.com\/en\/servicios\/canon-de-espuma\/","og_site_name":"WeddingCallEventos","article_publisher":"https:\/\/www.facebook.com\/weddindcall","article_modified_time":"2023-09-12T15:29:49+00:00","og_image":[{"url":"https:\/\/weddingcalleventos.com\/wp-content\/uploads\/2023\/09\/espuma1.jpg"}],"twitter_card":"summary_large_image","twitter_misc":{"Estimated reading time":"2 minutes"},"schema":{"@context":"https:\/\/schema.org","@graph":[{"@type":"WebPage","@id":"https:\/\/weddingcalleventos.com\/servicios\/canon-de-espuma\/","url":"https:\/\/weddingcalleventos.com\/servicios\/canon-de-espuma\/","name":"CA\u00d1ON DE ESPUMA - WeddingCallEventos","isPartOf":{"@id":"https:\/\/weddingcalleventos.com\/#website"},"primaryImageOfPage":{"@id":"https:\/\/weddingcalleventos.com\/servicios\/canon-de-espuma\/#primaryimage"},"image":{"@id":"https:\/\/weddingcalleventos.com\/servicios\/canon-de-espuma\/#primaryimage"},"thumbnailUrl":"https:\/\/weddingcalleventos.com\/wp-content\/uploads\/2023\/09\/espuma1.jpg","datePublished":"2023-09-12T15:18:51+00:00","dateModified":"2023-09-12T15:29:49+00:00","breadcrumb":{"@id":"https:\/\/weddingcalleventos.com\/servicios\/canon-de-espuma\/#breadcrumb"},"inLanguage":"en-GB","potentialAction":[{"@type":"ReadAction","target":["https:\/\/weddingcalleventos.com\/servicios\/canon-de-espuma\/"]}]},{"@type":"ImageObject","inLanguage":"en-GB","@id":"https:\/\/weddingcalleventos.com\/servicios\/canon-de-espuma\/#primaryimage","url":"https:\/\/weddingcalleventos.com\/wp-content\/uploads\/2023\/09\/espuma1.jpg","contentUrl":"https:\/\/weddingcalleventos.com\/wp-content\/uploads\/2023\/09\/espuma1.jpg"},{"@type":"BreadcrumbList","@id":"https:\/\/weddingcalleventos.com\/servicios\/canon-de-espuma\/#breadcrumb","itemListElement":[{"@type":"ListItem","position":1,"name":"Portada","item":"https:\/\/weddingcalleventos.com\/"},{"@type":"ListItem","position":2,"name":"Servicios","item":"https:\/\/weddingcalleventos.com\/servicios\/"},{"@type":"ListItem","position":3,"name":"CA\u00d1ON DE ESPUMA"}]},{"@type":"WebSite","@id":"https:\/\/weddingcalleventos.com\/#website","url":"https:\/\/weddingcalleventos.com\/","name":"Wedding Call Eventos","description":"","publisher":{"@id":"https:\/\/weddingcalleventos.com\/#organization"},"potentialAction":[{"@type":"SearchAction","target":{"@type":"EntryPoint","urlTemplate":"https:\/\/weddingcalleventos.com\/?s={search_term_string}"},"query-input":{"@type":"PropertyValueSpecification","valueRequired":true,"valueName":"search_term_string"}}],"inLanguage":"en-GB"},{"@type":"Organization","@id":"https:\/\/weddingcalleventos.com\/#organization","name":"Wedding Call Eventos","url":"https:\/\/weddingcalleventos.com\/","logo":{"@type":"ImageObject","inLanguage":"en-GB","@id":"https:\/\/weddingcalleventos.com\/#\/schema\/logo\/image\/","url":"https:\/\/weddingcalleventos.com\/wp-content\/uploads\/2023\/09\/web-logo-wdc.png","contentUrl":"https:\/\/weddingcalleventos.com\/wp-content\/uploads\/2023\/09\/web-logo-wdc.png","width":393,"height":95,"caption":"Wedding Call Eventos"},"image":{"@id":"https:\/\/weddingcalleventos.com\/#\/schema\/logo\/image\/"},"sameAs":["https:\/\/www.facebook.com\/weddindcall","https:\/\/www.instagram.com\/wedding.call\/"]}]}},"_links":{"self":[{"href":"https:\/\/weddingcalleventos.com\/en\/wp-json\/wp\/v2\/pages\/468","targetHints":{"allow":["GET"]}}],"collection":[{"href":"https:\/\/weddingcalleventos.com\/en\/wp-json\/wp\/v2\/pages"}],"about":[{"href":"https:\/\/weddingcalleventos.com\/en\/wp-json\/wp\/v2\/types\/page"}],"author":[{"embeddable":true,"href":"https:\/\/weddingcalleventos.com\/en\/wp-json\/wp\/v2\/users\/1"}],"replies":[{"embeddable":true,"href":"https:\/\/weddingcalleventos.com\/en\/wp-json\/wp\/v2\/comments?post=468"}],"version-history":[{"count":4,"href":"https:\/\/weddingcalleventos.com\/en\/wp-json\/wp\/v2\/pages\/468\/revisions"}],"predecessor-version":[{"id":475,"href":"https:\/\/weddingcalleventos.com\/en\/wp-json\/wp\/v2\/pages\/468\/revisions\/475"}],"up":[{"embeddable":true,"href":"https:\/\/weddingcalleventos.com\/en\/wp-json\/wp\/v2\/pages\/228"}],"wp:attachment":[{"href":"https:\/\/weddingcalleventos.com\/en\/wp-json\/wp\/v2\/media?parent=468"}],"curies":[{"name":"wp","href":"https:\/\/api.w.org\/{rel}","templated":true}]}}