{"id":451,"date":"2023-09-12T17:05:18","date_gmt":"2023-09-12T15:05:18","guid":{"rendered":"https:\/\/weddingcalleventos.com\/?page_id=451"},"modified":"2023-09-12T17:57:46","modified_gmt":"2023-09-12T15:57:46","slug":"wedding-camara-360","status":"publish","type":"page","link":"https:\/\/weddingcalleventos.com\/en\/servicios\/wedding-camara-360\/","title":{"rendered":"WEDDING CAMERA 360"},"content":{"rendered":"<div data-elementor-type=\"wp-page\" data-elementor-id=\"451\" class=\"elementor elementor-451\" data-elementor-post-type=\"page\">\n\t\t\t\t\t\t\t\t\t<section class=\"elementor-section elementor-top-section elementor-element elementor-element-27cb3dbe elementor-section-boxed elementor-section-height-default elementor-section-height-default\" data-id=\"27cb3dbe\" data-element_type=\"section\" data-settings=\"{&quot;background_background&quot;:&quot;classic&quot;}\">\n\t\t\t\t\t\t<div class=\"elementor-container elementor-column-gap-default\">\n\t\t\t\t\t<div class=\"elementor-column elementor-col-100 elementor-top-column elementor-element elementor-element-41a86618\" data-id=\"41a86618\" data-element_type=\"column\">\n\t\t\t<div class=\"elementor-widget-wrap elementor-element-populated\">\n\t\t\t\t\t\t\t\t<div class=\"elementor-element elementor-element-5fbfcebc elementor-widget elementor-widget-heading\" data-id=\"5fbfcebc\" data-element_type=\"widget\" data-widget_type=\"heading.default\">\n\t\t\t\t<div class=\"elementor-widget-container\">\n\t\t\t<style>\/*! elementor - v3.15.0 - 20-08-2023 *\/\n.elementor-heading-title{padding:0;margin:0;line-height:1}.elementor-widget-heading .elementor-heading-title[class*=elementor-size-]>a{color:inherit;font-size:inherit;line-height:inherit}.elementor-widget-heading .elementor-heading-title.elementor-size-small{font-size:15px}.elementor-widget-heading .elementor-heading-title.elementor-size-medium{font-size:19px}.elementor-widget-heading .elementor-heading-title.elementor-size-large{font-size:29px}.elementor-widget-heading .elementor-heading-title.elementor-size-xl{font-size:39px}.elementor-widget-heading .elementor-heading-title.elementor-size-xxl{font-size:59px}<\/style><h1 class=\"elementor-heading-title elementor-size-default\">WEDDING CAMERA 360<\/h1>\t\t<\/div>\n\t\t\t\t<\/div>\n\t\t\t\t\t<\/div>\n\t\t<\/div>\n\t\t\t\t\t\t\t<\/div>\n\t\t<\/section>\n\t\t\t\t<section class=\"elementor-section elementor-top-section elementor-element elementor-element-41355dcc elementor-section-boxed elementor-section-height-default elementor-section-height-default\" data-id=\"41355dcc\" data-element_type=\"section\" data-settings=\"{&quot;background_background&quot;:&quot;classic&quot;}\">\n\t\t\t\t\t\t<div class=\"elementor-container elementor-column-gap-default\">\n\t\t\t\t\t<div class=\"elementor-column elementor-col-100 elementor-top-column elementor-element elementor-element-10ebb293\" data-id=\"10ebb293\" data-element_type=\"column\">\n\t\t\t<div class=\"elementor-widget-wrap elementor-element-populated\">\n\t\t\t\t\t\t\t\t<div class=\"elementor-element elementor-element-2eb41eab elementor-widget elementor-widget-heading\" data-id=\"2eb41eab\" data-element_type=\"widget\" data-widget_type=\"heading.default\">\n\t\t\t\t<div class=\"elementor-widget-container\">\n\t\t\t<p class=\"elementor-heading-title elementor-size-default\">CAPTURE MEMORIES<\/p>\t\t<\/div>\n\t\t\t\t<\/div>\n\t\t\t\t<div class=\"elementor-element elementor-element-75061416 elementor-widget elementor-widget-heading\" data-id=\"75061416\" data-element_type=\"widget\" data-widget_type=\"heading.default\">\n\t\t\t\t<div class=\"elementor-widget-container\">\n\t\t\t<h2 class=\"elementor-heading-title elementor-size-default\">UNIQUE MOMENTS WITH WEDDING CAMERA 360<\/h2>\t\t<\/div>\n\t\t\t\t<\/div>\n\t\t\t\t<div class=\"elementor-element elementor-element-3e23157f elementor-widget elementor-widget-text-editor\" data-id=\"3e23157f\" data-element_type=\"widget\" data-widget_type=\"text-editor.default\">\n\t\t\t\t<div class=\"elementor-widget-container\">\n\t\t\t<style>\/*! elementor - v3.15.0 - 20-08-2023 *\/\n.elementor-widget-text-editor.elementor-drop-cap-view-stacked .elementor-drop-cap{background-color:#69727d;color:#fff}.elementor-widget-text-editor.elementor-drop-cap-view-framed .elementor-drop-cap{color:#69727d;border:3px solid;background-color:transparent}.elementor-widget-text-editor:not(.elementor-drop-cap-view-default) .elementor-drop-cap{margin-top:8px}.elementor-widget-text-editor:not(.elementor-drop-cap-view-default) .elementor-drop-cap-letter{width:1em;height:1em}.elementor-widget-text-editor .elementor-drop-cap{float:left;text-align:center;line-height:1;font-size:50px}.elementor-widget-text-editor .elementor-drop-cap-letter{display:inline-block}<\/style>\t\t\t\t<p>Thanks to its 360\u00ba recording you can make professional, high-quality videos to share with friends!<\/p>\t\t\t\t\t\t<\/div>\n\t\t\t\t<\/div>\n\t\t\t\t<section class=\"elementor-section elementor-inner-section elementor-element elementor-element-2fe9409d elementor-section-boxed elementor-section-height-default elementor-section-height-default\" data-id=\"2fe9409d\" data-element_type=\"section\">\n\t\t\t\t\t\t<div class=\"elementor-container elementor-column-gap-default\">\n\t\t\t\t\t<div class=\"elementor-column elementor-col-50 elementor-inner-column elementor-element elementor-element-38f5821b\" data-id=\"38f5821b\" data-element_type=\"column\">\n\t\t\t<div class=\"elementor-widget-wrap elementor-element-populated\">\n\t\t\t\t\t\t\t\t<div class=\"elementor-element elementor-element-11005935 elementor-widget elementor-widget-image\" data-id=\"11005935\" data-element_type=\"widget\" data-widget_type=\"image.default\">\n\t\t\t\t<div class=\"elementor-widget-container\">\n\t\t\t<style>\/*! elementor - v3.15.0 - 20-08-2023 *\/\n.elementor-widget-image{text-align:center}.elementor-widget-image a{display:inline-block}.elementor-widget-image a img[src$=\".svg\"]{width:48px}.elementor-widget-image img{vertical-align:middle;display:inline-block}<\/style>\t\t\t\t\t\t\t\t\t\t\t\t<img loading=\"lazy\" decoding=\"async\" width=\"800\" height=\"500\" src=\"https:\/\/weddingcalleventos.com\/wp-content\/uploads\/2023\/09\/camara360-1.jpg\" class=\"attachment-full size-full wp-image-454\" alt=\"Tres mujeres bailando en la plataforma de la Wedding C\u00e1mara 360\" srcset=\"https:\/\/weddingcalleventos.com\/wp-content\/uploads\/2023\/09\/camara360-1.jpg 800w, https:\/\/weddingcalleventos.com\/wp-content\/uploads\/2023\/09\/camara360-1-300x188.jpg 300w, https:\/\/weddingcalleventos.com\/wp-content\/uploads\/2023\/09\/camara360-1-768x480.jpg 768w, https:\/\/weddingcalleventos.com\/wp-content\/uploads\/2023\/09\/camara360-1-18x12.jpg 18w\" sizes=\"auto, (max-width: 800px) 100vw, 800px\" \/>\t\t\t\t\t\t\t\t\t\t\t\t\t\t\t<\/div>\n\t\t\t\t<\/div>\n\t\t\t\t\t<\/div>\n\t\t<\/div>\n\t\t\t\t<div class=\"elementor-column elementor-col-50 elementor-inner-column elementor-element elementor-element-6accd882\" data-id=\"6accd882\" data-element_type=\"column\">\n\t\t\t<div class=\"elementor-widget-wrap elementor-element-populated\">\n\t\t\t\t\t\t\t\t<div class=\"elementor-element elementor-element-196918db elementor-widget elementor-widget-image\" data-id=\"196918db\" data-element_type=\"widget\" data-widget_type=\"image.default\">\n\t\t\t\t<div class=\"elementor-widget-container\">\n\t\t\t\t\t\t\t\t\t\t\t\t\t\t\t<img loading=\"lazy\" decoding=\"async\" width=\"800\" height=\"500\" src=\"https:\/\/weddingcalleventos.com\/wp-content\/uploads\/2023\/09\/fotomaton.jpg\" class=\"attachment-full size-full wp-image-81\" alt=\"Fotograf\u00eda de la cam\u00e1ra 360 grados\" \/>\t\t\t\t\t\t\t\t\t\t\t\t\t\t\t<\/div>\n\t\t\t\t<\/div>\n\t\t\t\t\t<\/div>\n\t\t<\/div>\n\t\t\t\t\t\t\t<\/div>\n\t\t<\/section>\n\t\t\t\t<div class=\"elementor-element elementor-element-ccde063 elementor-widget elementor-widget-text-editor\" data-id=\"ccde063\" data-element_type=\"widget\" data-widget_type=\"text-editor.default\">\n\t\t\t\t<div class=\"elementor-widget-container\">\n\t\t\t\t\t\t\t<p>It is both a fun and highly functional solution for any type of event, giving you the opportunity to capture all the meaningful moments through interactive photos or videos. Our platform, with a diameter of 86 centimeters and an extendable rotating arm of up to 2.5 meters, allows you to move at your own pace while recording the video.<\/p><p>The platform's advanced technology ensures exceptional camera stability, no matter how much you move, which will not compromise video quality. This means that once you're done, you'll be able to relive all those moments in a completely unique way and enjoy the experience of recording yourself from any angle imaginable.<\/p><p>Whether it is a wedding, a birthday, a fair or a corporate event, we are there for every social event you want to treasure. With our 360 WEDDING CAMERA, your event takes on a new dimension, filling it with fun and ensuring it is unforgettable, no matter what the occasion.<\/p>\t\t\t\t\t\t<\/div>\n\t\t\t\t<\/div>\n\t\t\t\t\t<\/div>\n\t\t<\/div>\n\t\t\t\t\t\t\t<\/div>\n\t\t<\/section>\n\t\t\t\t<section class=\"elementor-section elementor-top-section elementor-element elementor-element-1d8286a5 elementor-section-boxed elementor-section-height-default elementor-section-height-default\" data-id=\"1d8286a5\" data-element_type=\"section\" data-settings=\"{&quot;background_background&quot;:&quot;classic&quot;}\">\n\t\t\t\t\t\t<div class=\"elementor-container elementor-column-gap-default\">\n\t\t\t\t\t<div class=\"elementor-column elementor-col-66 elementor-top-column elementor-element elementor-element-69fe520c\" data-id=\"69fe520c\" data-element_type=\"column\">\n\t\t\t<div class=\"elementor-widget-wrap elementor-element-populated\">\n\t\t\t\t\t\t\t\t<div class=\"elementor-element elementor-element-5c735ee5 elementor-widget elementor-widget-heading\" data-id=\"5c735ee5\" data-element_type=\"widget\" data-widget_type=\"heading.default\">\n\t\t\t\t<div class=\"elementor-widget-container\">\n\t\t\t<h3 class=\"elementor-heading-title elementor-size-default\">ASK FOR YOUR BUDGET WITHOUT OBLIGATION<\/h3>\t\t<\/div>\n\t\t\t\t<\/div>\n\t\t\t\t\t<\/div>\n\t\t<\/div>\n\t\t\t\t<div class=\"elementor-column elementor-col-33 elementor-top-column elementor-element elementor-element-72c5c6f9\" data-id=\"72c5c6f9\" data-element_type=\"column\">\n\t\t\t<div class=\"elementor-widget-wrap elementor-element-populated\">\n\t\t\t\t\t\t\t\t<div class=\"elementor-element elementor-element-2ff1ea01 elementor-align-center elementor-widget__width-inherit elementor-widget elementor-widget-button\" data-id=\"2ff1ea01\" data-element_type=\"widget\" data-widget_type=\"button.default\">\n\t\t\t\t<div class=\"elementor-widget-container\">\n\t\t\t\t\t<div class=\"elementor-button-wrapper\">\n\t\t\t<a class=\"elementor-button elementor-button-link elementor-size-sm\" href=\"https:\/\/weddingcalleventos.com\/en\/contacto\/\">\n\t\t\t\t\t\t<span class=\"elementor-button-content-wrapper\">\n\t\t\t\t\t\t<span class=\"elementor-button-text\">REQUEST A QUOTE<\/span>\n\t\t<\/span>\n\t\t\t\t\t<\/a>\n\t\t<\/div>\n\t\t\t\t<\/div>\n\t\t\t\t<\/div>\n\t\t\t\t\t<\/div>\n\t\t<\/div>\n\t\t\t\t\t\t\t<\/div>\n\t\t<\/section>\n\t\t\t\t<section class=\"elementor-section elementor-top-section elementor-element elementor-element-2a757b70 elementor-section-boxed elementor-section-height-default elementor-section-height-default\" data-id=\"2a757b70\" data-element_type=\"section\" data-settings=\"{&quot;background_background&quot;:&quot;classic&quot;}\">\n\t\t\t\t\t\t<div class=\"elementor-container elementor-column-gap-default\">\n\t\t\t\t\t<div class=\"elementor-column elementor-col-100 elementor-top-column elementor-element elementor-element-f0402bb\" data-id=\"f0402bb\" data-element_type=\"column\">\n\t\t\t<div class=\"elementor-widget-wrap elementor-element-populated\">\n\t\t\t\t\t\t\t\t<section class=\"elementor-section elementor-inner-section elementor-element elementor-element-461ed1c6 elementor-section-boxed elementor-section-height-default elementor-section-height-default\" data-id=\"461ed1c6\" data-element_type=\"section\">\n\t\t\t\t\t\t<div class=\"elementor-container elementor-column-gap-default\">\n\t\t\t\t\t<div class=\"elementor-column elementor-col-50 elementor-inner-column elementor-element elementor-element-1998549f\" data-id=\"1998549f\" data-element_type=\"column\">\n\t\t\t<div class=\"elementor-widget-wrap elementor-element-populated\">\n\t\t\t\t\t\t\t\t<div class=\"elementor-element elementor-element-387eb060 elementor-widget elementor-widget-image\" data-id=\"387eb060\" data-element_type=\"widget\" data-widget_type=\"image.default\">\n\t\t\t\t<div class=\"elementor-widget-container\">\n\t\t\t\t\t\t\t\t\t\t\t\t\t\t\t<img loading=\"lazy\" decoding=\"async\" width=\"800\" height=\"500\" src=\"https:\/\/weddingcalleventos.com\/wp-content\/uploads\/2023\/09\/camara360-1.jpg\" class=\"attachment-full size-full wp-image-454\" alt=\"Tres mujeres bailando en la plataforma de la Wedding C\u00e1mara 360\" srcset=\"https:\/\/weddingcalleventos.com\/wp-content\/uploads\/2023\/09\/camara360-1.jpg 800w, https:\/\/weddingcalleventos.com\/wp-content\/uploads\/2023\/09\/camara360-1-300x188.jpg 300w, https:\/\/weddingcalleventos.com\/wp-content\/uploads\/2023\/09\/camara360-1-768x480.jpg 768w, https:\/\/weddingcalleventos.com\/wp-content\/uploads\/2023\/09\/camara360-1-18x12.jpg 18w\" sizes=\"auto, (max-width: 800px) 100vw, 800px\" \/>\t\t\t\t\t\t\t\t\t\t\t\t\t\t\t<\/div>\n\t\t\t\t<\/div>\n\t\t\t\t\t<\/div>\n\t\t<\/div>\n\t\t\t\t<div class=\"elementor-column elementor-col-50 elementor-inner-column elementor-element elementor-element-79097917\" data-id=\"79097917\" data-element_type=\"column\">\n\t\t\t<div class=\"elementor-widget-wrap elementor-element-populated\">\n\t\t\t\t\t\t\t\t<div class=\"elementor-element elementor-element-38db74bb elementor-widget elementor-widget-text-editor\" data-id=\"38db74bb\" data-element_type=\"widget\" data-widget_type=\"text-editor.default\">\n\t\t\t\t<div class=\"elementor-widget-container\">\n\t\t\t\t\t\t\t<p>Guests will have the opportunity to stand on the rotating platform and show off their most creative poses. It's the perfect occasion to let your imagination fly! After recording the video, they will be able to view it and email it directly from our screen to their inboxes. It's easy, fun and original, ensuring your event is never forgotten!<\/p><p>You can customize the video to your liking, choosing the speed, the segments and placing your company logo where you prefer. Without a doubt, it is a unique opportunity to show the most fun side of your company.<\/p><p>With our 360 Wedding Camera, you will transform your event into something truly magical, capturing all the moments and emotions of your guests and preserving them in our 360-degree panoramic videos.<\/p>\t\t\t\t\t\t<\/div>\n\t\t\t\t<\/div>\n\t\t\t\t\t<\/div>\n\t\t<\/div>\n\t\t\t\t\t\t\t<\/div>\n\t\t<\/section>\n\t\t\t\t\t<\/div>\n\t\t<\/div>\n\t\t\t\t\t\t\t<\/div>\n\t\t<\/section>\n\t\t\t\t\t\t\t<\/div>","protected":false},"excerpt":{"rendered":"<p>WEDDING C\u00c1MARA 360 CAPTURA RECUERDOS MOMENTOS \u00daNICOS CON WEDDING C\u00c1MARA 360 \u00a1Gracias a su grabaci\u00f3n 360\u00ba podr\u00e1s realizar videos profesionales en alta calidad para compartir con amigos! Se trata de una soluci\u00f3n tanto divertida como altamente funcional para cualquier tipo de evento, que te brinda la oportunidad de capturar todos los momentos significativos a trav\u00e9s [&hellip;]<\/p>","protected":false},"author":1,"featured_media":0,"parent":228,"menu_order":0,"comment_status":"closed","ping_status":"closed","template":"","meta":{"footnotes":""},"class_list":["post-451","page","type-page","status-publish","hentry"],"yoast_head":"<!-- This site is optimized with the Yoast SEO plugin v23.4 - https:\/\/yoast.com\/wordpress\/plugins\/seo\/ -->\n<title>WEDDING C\u00c1MARA 360 - WeddingCallEventos<\/title>\n<meta name=\"robots\" content=\"index, follow, max-snippet:-1, max-image-preview:large, max-video-preview:-1\" \/>\n<link rel=\"canonical\" href=\"https:\/\/weddingcalleventos.com\/en\/servicios\/wedding-camara-360\/\" \/>\n<meta property=\"og:locale\" content=\"en_GB\" \/>\n<meta property=\"og:type\" content=\"article\" \/>\n<meta property=\"og:title\" content=\"WEDDING C\u00c1MARA 360 - WeddingCallEventos\" \/>\n<meta property=\"og:description\" content=\"WEDDING C\u00c1MARA 360 CAPTURA RECUERDOS MOMENTOS \u00daNICOS CON WEDDING C\u00c1MARA 360 \u00a1Gracias a su grabaci\u00f3n 360\u00ba podr\u00e1s realizar videos profesionales en alta calidad para compartir con amigos! Se trata de una soluci\u00f3n tanto divertida como altamente funcional para cualquier tipo de evento, que te brinda la oportunidad de capturar todos los momentos significativos a trav\u00e9s [&hellip;]\" \/>\n<meta property=\"og:url\" content=\"https:\/\/weddingcalleventos.com\/en\/servicios\/wedding-camara-360\/\" \/>\n<meta property=\"og:site_name\" content=\"WeddingCallEventos\" \/>\n<meta property=\"article:publisher\" content=\"https:\/\/www.facebook.com\/weddindcall\" \/>\n<meta property=\"article:modified_time\" content=\"2023-09-12T15:57:46+00:00\" \/>\n<meta property=\"og:image\" content=\"https:\/\/weddingcalleventos.com\/wp-content\/uploads\/2023\/09\/camara360-1.jpg\" \/>\n<meta name=\"twitter:card\" content=\"summary_large_image\" \/>\n<meta name=\"twitter:label1\" content=\"Estimated reading time\" \/>\n\t<meta name=\"twitter:data1\" content=\"2 minutes\" \/>\n<script type=\"application\/ld+json\" class=\"yoast-schema-graph\">{\"@context\":\"https:\/\/schema.org\",\"@graph\":[{\"@type\":\"WebPage\",\"@id\":\"https:\/\/weddingcalleventos.com\/servicios\/wedding-camara-360\/\",\"url\":\"https:\/\/weddingcalleventos.com\/servicios\/wedding-camara-360\/\",\"name\":\"WEDDING C\u00c1MARA 360 - WeddingCallEventos\",\"isPartOf\":{\"@id\":\"https:\/\/weddingcalleventos.com\/#website\"},\"primaryImageOfPage\":{\"@id\":\"https:\/\/weddingcalleventos.com\/servicios\/wedding-camara-360\/#primaryimage\"},\"image\":{\"@id\":\"https:\/\/weddingcalleventos.com\/servicios\/wedding-camara-360\/#primaryimage\"},\"thumbnailUrl\":\"https:\/\/weddingcalleventos.com\/wp-content\/uploads\/2023\/09\/camara360-1.jpg\",\"datePublished\":\"2023-09-12T15:05:18+00:00\",\"dateModified\":\"2023-09-12T15:57:46+00:00\",\"breadcrumb\":{\"@id\":\"https:\/\/weddingcalleventos.com\/servicios\/wedding-camara-360\/#breadcrumb\"},\"inLanguage\":\"en-GB\",\"potentialAction\":[{\"@type\":\"ReadAction\",\"target\":[\"https:\/\/weddingcalleventos.com\/servicios\/wedding-camara-360\/\"]}]},{\"@type\":\"ImageObject\",\"inLanguage\":\"en-GB\",\"@id\":\"https:\/\/weddingcalleventos.com\/servicios\/wedding-camara-360\/#primaryimage\",\"url\":\"https:\/\/weddingcalleventos.com\/wp-content\/uploads\/2023\/09\/camara360-1.jpg\",\"contentUrl\":\"https:\/\/weddingcalleventos.com\/wp-content\/uploads\/2023\/09\/camara360-1.jpg\"},{\"@type\":\"BreadcrumbList\",\"@id\":\"https:\/\/weddingcalleventos.com\/servicios\/wedding-camara-360\/#breadcrumb\",\"itemListElement\":[{\"@type\":\"ListItem\",\"position\":1,\"name\":\"Portada\",\"item\":\"https:\/\/weddingcalleventos.com\/\"},{\"@type\":\"ListItem\",\"position\":2,\"name\":\"Servicios\",\"item\":\"https:\/\/weddingcalleventos.com\/servicios\/\"},{\"@type\":\"ListItem\",\"position\":3,\"name\":\"WEDDING C\u00c1MARA 360\"}]},{\"@type\":\"WebSite\",\"@id\":\"https:\/\/weddingcalleventos.com\/#website\",\"url\":\"https:\/\/weddingcalleventos.com\/\",\"name\":\"Wedding Call Eventos\",\"description\":\"\",\"publisher\":{\"@id\":\"https:\/\/weddingcalleventos.com\/#organization\"},\"potentialAction\":[{\"@type\":\"SearchAction\",\"target\":{\"@type\":\"EntryPoint\",\"urlTemplate\":\"https:\/\/weddingcalleventos.com\/?s={search_term_string}\"},\"query-input\":{\"@type\":\"PropertyValueSpecification\",\"valueRequired\":true,\"valueName\":\"search_term_string\"}}],\"inLanguage\":\"en-GB\"},{\"@type\":\"Organization\",\"@id\":\"https:\/\/weddingcalleventos.com\/#organization\",\"name\":\"Wedding Call Eventos\",\"url\":\"https:\/\/weddingcalleventos.com\/\",\"logo\":{\"@type\":\"ImageObject\",\"inLanguage\":\"en-GB\",\"@id\":\"https:\/\/weddingcalleventos.com\/#\/schema\/logo\/image\/\",\"url\":\"https:\/\/weddingcalleventos.com\/wp-content\/uploads\/2023\/09\/web-logo-wdc.png\",\"contentUrl\":\"https:\/\/weddingcalleventos.com\/wp-content\/uploads\/2023\/09\/web-logo-wdc.png\",\"width\":393,\"height\":95,\"caption\":\"Wedding Call Eventos\"},\"image\":{\"@id\":\"https:\/\/weddingcalleventos.com\/#\/schema\/logo\/image\/\"},\"sameAs\":[\"https:\/\/www.facebook.com\/weddindcall\",\"https:\/\/www.instagram.com\/wedding.call\/\"]}]}<\/script>\n<!-- \/ Yoast SEO plugin. -->","yoast_head_json":{"title":"WEDDING C\u00c1MARA 360 - WeddingCallEventos","robots":{"index":"index","follow":"follow","max-snippet":"max-snippet:-1","max-image-preview":"max-image-preview:large","max-video-preview":"max-video-preview:-1"},"canonical":"https:\/\/weddingcalleventos.com\/en\/servicios\/wedding-camara-360\/","og_locale":"en_GB","og_type":"article","og_title":"WEDDING C\u00c1MARA 360 - WeddingCallEventos","og_description":"WEDDING C\u00c1MARA 360 CAPTURA RECUERDOS MOMENTOS \u00daNICOS CON WEDDING C\u00c1MARA 360 \u00a1Gracias a su grabaci\u00f3n 360\u00ba podr\u00e1s realizar videos profesionales en alta calidad para compartir con amigos! Se trata de una soluci\u00f3n tanto divertida como altamente funcional para cualquier tipo de evento, que te brinda la oportunidad de capturar todos los momentos significativos a trav\u00e9s [&hellip;]","og_url":"https:\/\/weddingcalleventos.com\/en\/servicios\/wedding-camara-360\/","og_site_name":"WeddingCallEventos","article_publisher":"https:\/\/www.facebook.com\/weddindcall","article_modified_time":"2023-09-12T15:57:46+00:00","og_image":[{"url":"https:\/\/weddingcalleventos.com\/wp-content\/uploads\/2023\/09\/camara360-1.jpg"}],"twitter_card":"summary_large_image","twitter_misc":{"Estimated reading time":"2 minutes"},"schema":{"@context":"https:\/\/schema.org","@graph":[{"@type":"WebPage","@id":"https:\/\/weddingcalleventos.com\/servicios\/wedding-camara-360\/","url":"https:\/\/weddingcalleventos.com\/servicios\/wedding-camara-360\/","name":"WEDDING C\u00c1MARA 360 - WeddingCallEventos","isPartOf":{"@id":"https:\/\/weddingcalleventos.com\/#website"},"primaryImageOfPage":{"@id":"https:\/\/weddingcalleventos.com\/servicios\/wedding-camara-360\/#primaryimage"},"image":{"@id":"https:\/\/weddingcalleventos.com\/servicios\/wedding-camara-360\/#primaryimage"},"thumbnailUrl":"https:\/\/weddingcalleventos.com\/wp-content\/uploads\/2023\/09\/camara360-1.jpg","datePublished":"2023-09-12T15:05:18+00:00","dateModified":"2023-09-12T15:57:46+00:00","breadcrumb":{"@id":"https:\/\/weddingcalleventos.com\/servicios\/wedding-camara-360\/#breadcrumb"},"inLanguage":"en-GB","potentialAction":[{"@type":"ReadAction","target":["https:\/\/weddingcalleventos.com\/servicios\/wedding-camara-360\/"]}]},{"@type":"ImageObject","inLanguage":"en-GB","@id":"https:\/\/weddingcalleventos.com\/servicios\/wedding-camara-360\/#primaryimage","url":"https:\/\/weddingcalleventos.com\/wp-content\/uploads\/2023\/09\/camara360-1.jpg","contentUrl":"https:\/\/weddingcalleventos.com\/wp-content\/uploads\/2023\/09\/camara360-1.jpg"},{"@type":"BreadcrumbList","@id":"https:\/\/weddingcalleventos.com\/servicios\/wedding-camara-360\/#breadcrumb","itemListElement":[{"@type":"ListItem","position":1,"name":"Portada","item":"https:\/\/weddingcalleventos.com\/"},{"@type":"ListItem","position":2,"name":"Servicios","item":"https:\/\/weddingcalleventos.com\/servicios\/"},{"@type":"ListItem","position":3,"name":"WEDDING C\u00c1MARA 360"}]},{"@type":"WebSite","@id":"https:\/\/weddingcalleventos.com\/#website","url":"https:\/\/weddingcalleventos.com\/","name":"Wedding Call Eventos","description":"","publisher":{"@id":"https:\/\/weddingcalleventos.com\/#organization"},"potentialAction":[{"@type":"SearchAction","target":{"@type":"EntryPoint","urlTemplate":"https:\/\/weddingcalleventos.com\/?s={search_term_string}"},"query-input":{"@type":"PropertyValueSpecification","valueRequired":true,"valueName":"search_term_string"}}],"inLanguage":"en-GB"},{"@type":"Organization","@id":"https:\/\/weddingcalleventos.com\/#organization","name":"Wedding Call Eventos","url":"https:\/\/weddingcalleventos.com\/","logo":{"@type":"ImageObject","inLanguage":"en-GB","@id":"https:\/\/weddingcalleventos.com\/#\/schema\/logo\/image\/","url":"https:\/\/weddingcalleventos.com\/wp-content\/uploads\/2023\/09\/web-logo-wdc.png","contentUrl":"https:\/\/weddingcalleventos.com\/wp-content\/uploads\/2023\/09\/web-logo-wdc.png","width":393,"height":95,"caption":"Wedding Call Eventos"},"image":{"@id":"https:\/\/weddingcalleventos.com\/#\/schema\/logo\/image\/"},"sameAs":["https:\/\/www.facebook.com\/weddindcall","https:\/\/www.instagram.com\/wedding.call\/"]}]}},"_links":{"self":[{"href":"https:\/\/weddingcalleventos.com\/en\/wp-json\/wp\/v2\/pages\/451","targetHints":{"allow":["GET"]}}],"collection":[{"href":"https:\/\/weddingcalleventos.com\/en\/wp-json\/wp\/v2\/pages"}],"about":[{"href":"https:\/\/weddingcalleventos.com\/en\/wp-json\/wp\/v2\/types\/page"}],"author":[{"embeddable":true,"href":"https:\/\/weddingcalleventos.com\/en\/wp-json\/wp\/v2\/users\/1"}],"replies":[{"embeddable":true,"href":"https:\/\/weddingcalleventos.com\/en\/wp-json\/wp\/v2\/comments?post=451"}],"version-history":[{"count":10,"href":"https:\/\/weddingcalleventos.com\/en\/wp-json\/wp\/v2\/pages\/451\/revisions"}],"predecessor-version":[{"id":502,"href":"https:\/\/weddingcalleventos.com\/en\/wp-json\/wp\/v2\/pages\/451\/revisions\/502"}],"up":[{"embeddable":true,"href":"https:\/\/weddingcalleventos.com\/en\/wp-json\/wp\/v2\/pages\/228"}],"wp:attachment":[{"href":"https:\/\/weddingcalleventos.com\/en\/wp-json\/wp\/v2\/media?parent=451"}],"curies":[{"name":"wp","href":"https:\/\/api.w.org\/{rel}","templated":true}]}}