{"id":432,"date":"2023-09-12T13:55:04","date_gmt":"2023-09-12T11:55:04","guid":{"rendered":"https:\/\/weddingcalleventos.com\/?page_id=432"},"modified":"2023-09-12T17:02:59","modified_gmt":"2023-09-12T15:02:59","slug":"wedding-espejo-magico","status":"publish","type":"page","link":"https:\/\/weddingcalleventos.com\/en\/servicios\/wedding-espejo-magico\/","title":{"rendered":"WEDDING MAGIC MIRROR"},"content":{"rendered":"<div data-elementor-type=\"wp-page\" data-elementor-id=\"432\" class=\"elementor elementor-432\" data-elementor-post-type=\"page\">\n\t\t\t\t\t\t\t\t\t<section class=\"elementor-section elementor-top-section elementor-element elementor-element-276b4a1d elementor-section-boxed elementor-section-height-default elementor-section-height-default\" data-id=\"276b4a1d\" data-element_type=\"section\" data-settings=\"{&quot;background_background&quot;:&quot;classic&quot;}\">\n\t\t\t\t\t\t<div class=\"elementor-container elementor-column-gap-default\">\n\t\t\t\t\t<div class=\"elementor-column elementor-col-100 elementor-top-column elementor-element elementor-element-56467b28\" data-id=\"56467b28\" data-element_type=\"column\">\n\t\t\t<div class=\"elementor-widget-wrap elementor-element-populated\">\n\t\t\t\t\t\t\t\t<div class=\"elementor-element elementor-element-4c444671 elementor-widget elementor-widget-heading\" data-id=\"4c444671\" data-element_type=\"widget\" data-widget_type=\"heading.default\">\n\t\t\t\t<div class=\"elementor-widget-container\">\n\t\t\t<style>\/*! elementor - v3.15.0 - 20-08-2023 *\/\n.elementor-heading-title{padding:0;margin:0;line-height:1}.elementor-widget-heading .elementor-heading-title[class*=elementor-size-]>a{color:inherit;font-size:inherit;line-height:inherit}.elementor-widget-heading .elementor-heading-title.elementor-size-small{font-size:15px}.elementor-widget-heading .elementor-heading-title.elementor-size-medium{font-size:19px}.elementor-widget-heading .elementor-heading-title.elementor-size-large{font-size:29px}.elementor-widget-heading .elementor-heading-title.elementor-size-xl{font-size:39px}.elementor-widget-heading .elementor-heading-title.elementor-size-xxl{font-size:59px}<\/style><h1 class=\"elementor-heading-title elementor-size-default\">WEDDING MAGIC MIRROR<\/h1>\t\t<\/div>\n\t\t\t\t<\/div>\n\t\t\t\t\t<\/div>\n\t\t<\/div>\n\t\t\t\t\t\t\t<\/div>\n\t\t<\/section>\n\t\t\t\t<section class=\"elementor-section elementor-top-section elementor-element elementor-element-70fb0354 elementor-section-boxed elementor-section-height-default elementor-section-height-default\" data-id=\"70fb0354\" data-element_type=\"section\" data-settings=\"{&quot;background_background&quot;:&quot;classic&quot;}\">\n\t\t\t\t\t\t<div class=\"elementor-container elementor-column-gap-default\">\n\t\t\t\t\t<div class=\"elementor-column elementor-col-100 elementor-top-column elementor-element elementor-element-1ca63805\" data-id=\"1ca63805\" data-element_type=\"column\">\n\t\t\t<div class=\"elementor-widget-wrap elementor-element-populated\">\n\t\t\t\t\t\t\t\t<div class=\"elementor-element elementor-element-48d9bdba elementor-widget elementor-widget-heading\" data-id=\"48d9bdba\" data-element_type=\"widget\" data-widget_type=\"heading.default\">\n\t\t\t\t<div class=\"elementor-widget-container\">\n\t\t\t<p class=\"elementor-heading-title elementor-size-default\">WEDDINGS, CORPORATE EVENTS, COMMUNIONS...<\/p>\t\t<\/div>\n\t\t\t\t<\/div>\n\t\t\t\t<div class=\"elementor-element elementor-element-79d8f9f elementor-widget elementor-widget-heading\" data-id=\"79d8f9f\" data-element_type=\"widget\" data-widget_type=\"heading.default\">\n\t\t\t\t<div class=\"elementor-widget-container\">\n\t\t\t<h2 class=\"elementor-heading-title elementor-size-default\">ONE OF THE BEST OPTIONS FOR YOUR PARTY<\/h2>\t\t<\/div>\n\t\t\t\t<\/div>\n\t\t\t\t<div class=\"elementor-element elementor-element-663e6b6a elementor-widget elementor-widget-text-editor\" data-id=\"663e6b6a\" data-element_type=\"widget\" data-widget_type=\"text-editor.default\">\n\t\t\t\t<div class=\"elementor-widget-container\">\n\t\t\t<style>\/*! elementor - v3.15.0 - 20-08-2023 *\/\n.elementor-widget-text-editor.elementor-drop-cap-view-stacked .elementor-drop-cap{background-color:#69727d;color:#fff}.elementor-widget-text-editor.elementor-drop-cap-view-framed .elementor-drop-cap{color:#69727d;border:3px solid;background-color:transparent}.elementor-widget-text-editor:not(.elementor-drop-cap-view-default) .elementor-drop-cap{margin-top:8px}.elementor-widget-text-editor:not(.elementor-drop-cap-view-default) .elementor-drop-cap-letter{width:1em;height:1em}.elementor-widget-text-editor .elementor-drop-cap{float:left;text-align:center;line-height:1;font-size:50px}.elementor-widget-text-editor .elementor-drop-cap-letter{display:inline-block}<\/style>\t\t\t\t<p>The magic mirror from Wedding Call Eventos is a unique photo booth. At first glance it is a conventional mirror and... Here is the magic!\u00a0<\/p>\t\t\t\t\t\t<\/div>\n\t\t\t\t<\/div>\n\t\t\t\t<section class=\"elementor-section elementor-inner-section elementor-element elementor-element-75751916 elementor-section-boxed elementor-section-height-default elementor-section-height-default\" data-id=\"75751916\" data-element_type=\"section\">\n\t\t\t\t\t\t<div class=\"elementor-container elementor-column-gap-default\">\n\t\t\t\t\t<div class=\"elementor-column elementor-col-50 elementor-inner-column elementor-element elementor-element-39514321\" data-id=\"39514321\" data-element_type=\"column\">\n\t\t\t<div class=\"elementor-widget-wrap elementor-element-populated\">\n\t\t\t\t\t\t\t\t<div class=\"elementor-element elementor-element-57ac941c elementor-widget elementor-widget-image\" data-id=\"57ac941c\" data-element_type=\"widget\" data-widget_type=\"image.default\">\n\t\t\t\t<div class=\"elementor-widget-container\">\n\t\t\t<style>\/*! elementor - v3.15.0 - 20-08-2023 *\/\n.elementor-widget-image{text-align:center}.elementor-widget-image a{display:inline-block}.elementor-widget-image a img[src$=\".svg\"]{width:48px}.elementor-widget-image img{vertical-align:middle;display:inline-block}<\/style>\t\t\t\t\t\t\t\t\t\t\t\t<img loading=\"lazy\" decoding=\"async\" width=\"800\" height=\"500\" src=\"https:\/\/weddingcalleventos.com\/wp-content\/uploads\/2023\/09\/espejo1.jpg\" class=\"attachment-full size-full wp-image-438\" alt=\"Espejo M\u00e1gico en un evento de noche\" srcset=\"https:\/\/weddingcalleventos.com\/wp-content\/uploads\/2023\/09\/espejo1.jpg 800w, https:\/\/weddingcalleventos.com\/wp-content\/uploads\/2023\/09\/espejo1-300x188.jpg 300w, https:\/\/weddingcalleventos.com\/wp-content\/uploads\/2023\/09\/espejo1-768x480.jpg 768w, https:\/\/weddingcalleventos.com\/wp-content\/uploads\/2023\/09\/espejo1-18x12.jpg 18w\" sizes=\"auto, (max-width: 800px) 100vw, 800px\" \/>\t\t\t\t\t\t\t\t\t\t\t\t\t\t\t<\/div>\n\t\t\t\t<\/div>\n\t\t\t\t\t<\/div>\n\t\t<\/div>\n\t\t\t\t<div class=\"elementor-column elementor-col-50 elementor-inner-column elementor-element elementor-element-23d8b13\" data-id=\"23d8b13\" data-element_type=\"column\">\n\t\t\t<div class=\"elementor-widget-wrap elementor-element-populated\">\n\t\t\t\t\t\t\t\t<div class=\"elementor-element elementor-element-3c07a320 elementor-widget elementor-widget-image\" data-id=\"3c07a320\" data-element_type=\"widget\" data-widget_type=\"image.default\">\n\t\t\t\t<div class=\"elementor-widget-container\">\n\t\t\t\t\t\t\t\t\t\t\t\t\t\t\t<img loading=\"lazy\" decoding=\"async\" width=\"800\" height=\"500\" src=\"https:\/\/weddingcalleventos.com\/wp-content\/uploads\/2023\/09\/espejo2.jpg\" class=\"attachment-full size-full wp-image-439\" alt=\"Espejo m\u00e1gico en un evento\" srcset=\"https:\/\/weddingcalleventos.com\/wp-content\/uploads\/2023\/09\/espejo2.jpg 800w, https:\/\/weddingcalleventos.com\/wp-content\/uploads\/2023\/09\/espejo2-300x188.jpg 300w, https:\/\/weddingcalleventos.com\/wp-content\/uploads\/2023\/09\/espejo2-768x480.jpg 768w, https:\/\/weddingcalleventos.com\/wp-content\/uploads\/2023\/09\/espejo2-18x12.jpg 18w\" sizes=\"auto, (max-width: 800px) 100vw, 800px\" \/>\t\t\t\t\t\t\t\t\t\t\t\t\t\t\t<\/div>\n\t\t\t\t<\/div>\n\t\t\t\t\t<\/div>\n\t\t<\/div>\n\t\t\t\t\t\t\t<\/div>\n\t\t<\/section>\n\t\t\t\t<div class=\"elementor-element elementor-element-550697c0 elementor-widget elementor-widget-text-editor\" data-id=\"550697c0\" data-element_type=\"widget\" data-widget_type=\"text-editor.default\">\n\t\t\t\t<div class=\"elementor-widget-container\">\n\t\t\t\t\t\t\t<p class=\"font_8 wixui-rich-text__text\"><span class=\"wixui-rich-text__text\">The magic mirror is the latest in photo booths for parties, celebrations and events. Stand in front of the mirror, touch its screen and get ready to photograph yourself. <\/span><span class=\"wixui-rich-text__text\">Stand in front of the mirror, tap your screen and get ready to fotografiarte.<\/span><\/p><p>You will be able to take full-body photos, unique on the market, and it will also entertain your guests with its different interactive animations.<\/p><p>We have many designs to choose from to put your names and the date so that they appear on the printed photos. If it is a company, we will customize it with the corporate image, with its logo.<\/p><p>It brings together the best of all aspects of a photo booth: It has a novel design. It is extremely beautiful and colorful. The image on the screen is of very high quality and interacts with people. Wedding Call Eventos magic mirror mounted DSLR camera will take any type of photo you want; whether alone, as a couple or even in groups.<\/p>\t\t\t\t\t\t<\/div>\n\t\t\t\t<\/div>\n\t\t\t\t\t<\/div>\n\t\t<\/div>\n\t\t\t\t\t\t\t<\/div>\n\t\t<\/section>\n\t\t\t\t<section class=\"elementor-section elementor-top-section elementor-element elementor-element-36cd68c3 elementor-section-boxed elementor-section-height-default elementor-section-height-default\" data-id=\"36cd68c3\" data-element_type=\"section\" data-settings=\"{&quot;background_background&quot;:&quot;classic&quot;}\">\n\t\t\t\t\t\t<div class=\"elementor-container elementor-column-gap-default\">\n\t\t\t\t\t<div class=\"elementor-column elementor-col-66 elementor-top-column elementor-element elementor-element-4fdbafe3\" data-id=\"4fdbafe3\" data-element_type=\"column\">\n\t\t\t<div class=\"elementor-widget-wrap elementor-element-populated\">\n\t\t\t\t\t\t\t\t<div class=\"elementor-element elementor-element-53fb9cef elementor-widget elementor-widget-heading\" data-id=\"53fb9cef\" data-element_type=\"widget\" data-widget_type=\"heading.default\">\n\t\t\t\t<div class=\"elementor-widget-container\">\n\t\t\t<h3 class=\"elementor-heading-title elementor-size-default\">ASK FOR YOUR BUDGET WITHOUT OBLIGATION<\/h3>\t\t<\/div>\n\t\t\t\t<\/div>\n\t\t\t\t\t<\/div>\n\t\t<\/div>\n\t\t\t\t<div class=\"elementor-column elementor-col-33 elementor-top-column elementor-element elementor-element-638c88b6\" data-id=\"638c88b6\" data-element_type=\"column\">\n\t\t\t<div class=\"elementor-widget-wrap elementor-element-populated\">\n\t\t\t\t\t\t\t\t<div class=\"elementor-element elementor-element-1e9ff3c5 elementor-align-center elementor-widget__width-inherit elementor-widget elementor-widget-button\" data-id=\"1e9ff3c5\" data-element_type=\"widget\" data-widget_type=\"button.default\">\n\t\t\t\t<div class=\"elementor-widget-container\">\n\t\t\t\t\t<div class=\"elementor-button-wrapper\">\n\t\t\t<a class=\"elementor-button elementor-button-link elementor-size-sm\" href=\"https:\/\/weddingcalleventos.com\/en\/contacto\/\">\n\t\t\t\t\t\t<span class=\"elementor-button-content-wrapper\">\n\t\t\t\t\t\t<span class=\"elementor-button-text\">REQUEST A QUOTE<\/span>\n\t\t<\/span>\n\t\t\t\t\t<\/a>\n\t\t<\/div>\n\t\t\t\t<\/div>\n\t\t\t\t<\/div>\n\t\t\t\t\t<\/div>\n\t\t<\/div>\n\t\t\t\t\t\t\t<\/div>\n\t\t<\/section>\n\t\t\t\t<section class=\"elementor-section elementor-top-section elementor-element elementor-element-543a3c11 elementor-section-boxed elementor-section-height-default elementor-section-height-default\" data-id=\"543a3c11\" data-element_type=\"section\" data-settings=\"{&quot;background_background&quot;:&quot;classic&quot;}\">\n\t\t\t\t\t\t<div class=\"elementor-container elementor-column-gap-default\">\n\t\t\t\t\t<div class=\"elementor-column elementor-col-100 elementor-top-column elementor-element elementor-element-767d1893\" data-id=\"767d1893\" data-element_type=\"column\">\n\t\t\t<div class=\"elementor-widget-wrap elementor-element-populated\">\n\t\t\t\t\t\t\t\t<section class=\"elementor-section elementor-inner-section elementor-element elementor-element-697749 elementor-section-boxed elementor-section-height-default elementor-section-height-default\" data-id=\"697749\" data-element_type=\"section\">\n\t\t\t\t\t\t<div class=\"elementor-container elementor-column-gap-default\">\n\t\t\t\t\t<div class=\"elementor-column elementor-col-50 elementor-inner-column elementor-element elementor-element-5de0c628\" data-id=\"5de0c628\" data-element_type=\"column\">\n\t\t\t<div class=\"elementor-widget-wrap elementor-element-populated\">\n\t\t\t\t\t\t\t\t<div class=\"elementor-element elementor-element-4e8670ab elementor-widget elementor-widget-image\" data-id=\"4e8670ab\" data-element_type=\"widget\" data-widget_type=\"image.default\">\n\t\t\t\t<div class=\"elementor-widget-container\">\n\t\t\t\t\t\t\t\t\t\t\t\t\t\t\t<img loading=\"lazy\" decoding=\"async\" width=\"800\" height=\"500\" src=\"https:\/\/weddingcalleventos.com\/wp-content\/uploads\/2023\/09\/espejo3.jpg\" class=\"attachment-full size-full wp-image-440\" alt=\"Una persona configurando el Espejo M\u00e1gico para hacer fotograf\u00edas\" srcset=\"https:\/\/weddingcalleventos.com\/wp-content\/uploads\/2023\/09\/espejo3.jpg 800w, https:\/\/weddingcalleventos.com\/wp-content\/uploads\/2023\/09\/espejo3-300x188.jpg 300w, https:\/\/weddingcalleventos.com\/wp-content\/uploads\/2023\/09\/espejo3-768x480.jpg 768w, https:\/\/weddingcalleventos.com\/wp-content\/uploads\/2023\/09\/espejo3-18x12.jpg 18w\" sizes=\"auto, (max-width: 800px) 100vw, 800px\" \/>\t\t\t\t\t\t\t\t\t\t\t\t\t\t\t<\/div>\n\t\t\t\t<\/div>\n\t\t\t\t\t<\/div>\n\t\t<\/div>\n\t\t\t\t<div class=\"elementor-column elementor-col-50 elementor-inner-column elementor-element elementor-element-27066be4\" data-id=\"27066be4\" data-element_type=\"column\">\n\t\t\t<div class=\"elementor-widget-wrap elementor-element-populated\">\n\t\t\t\t\t\t\t\t<div class=\"elementor-element elementor-element-68610460 elementor-widget elementor-widget-text-editor\" data-id=\"68610460\" data-element_type=\"widget\" data-widget_type=\"text-editor.default\">\n\t\t\t\t<div class=\"elementor-widget-container\">\n\t\t\t\t\t\t\t<p>Interact with guests through a mirror filled with colorful, entertaining animations and voice instructions.<\/p><p>Sign with a message or your name using the touch screen and print your memorable photo instantly.<\/p><p>On the outside it looks like a normal mirror, but when you touch it you can interact and have fun with its multiple animations that magically appear inside, meanwhile your fun and funny photographs are immortalized, and once taken, you can add filters and sign them touch on the mirror and that signature would also appear on the print of the photograph.<\/p>\t\t\t\t\t\t<\/div>\n\t\t\t\t<\/div>\n\t\t\t\t\t<\/div>\n\t\t<\/div>\n\t\t\t\t\t\t\t<\/div>\n\t\t<\/section>\n\t\t\t\t\t<\/div>\n\t\t<\/div>\n\t\t\t\t\t\t\t<\/div>\n\t\t<\/section>\n\t\t\t\t\t\t\t<\/div>","protected":false},"excerpt":{"rendered":"<p>WEDDING ESPEJO M\u00c1GICO BODAS, EVENTOS CORPORATIVOS, COMUNIONES&#8230; UNA DE LAS MEJORES OPCIONES PARA TU FIESTA El espejo m\u00e1gico de Wedding Call Eventos\u00a0es un\u00a0fotomat\u00f3n \u00fanico. A simple vista es un espejo convencional y\u2026 \u00a1Aqu\u00ed est\u00e1 la m\u00e1gia!\u00a0 El espejo m\u00e1gico es lo \u00faltimo en fotomatones para fiestas celebraciones y eventos. Col\u00f3cate frente al espejo, toca su [&hellip;]<\/p>","protected":false},"author":1,"featured_media":0,"parent":228,"menu_order":0,"comment_status":"closed","ping_status":"closed","template":"","meta":{"footnotes":""},"class_list":["post-432","page","type-page","status-publish","hentry"],"yoast_head":"<!-- This site is optimized with the Yoast SEO plugin v23.4 - https:\/\/yoast.com\/wordpress\/plugins\/seo\/ -->\n<title>WEDDING ESPEJO M\u00c1GICO - WeddingCallEventos<\/title>\n<meta name=\"robots\" content=\"index, follow, max-snippet:-1, max-image-preview:large, max-video-preview:-1\" \/>\n<link rel=\"canonical\" href=\"https:\/\/weddingcalleventos.com\/en\/servicios\/wedding-espejo-magico\/\" \/>\n<meta property=\"og:locale\" content=\"en_GB\" \/>\n<meta property=\"og:type\" content=\"article\" \/>\n<meta property=\"og:title\" content=\"WEDDING ESPEJO M\u00c1GICO - WeddingCallEventos\" \/>\n<meta property=\"og:description\" content=\"WEDDING ESPEJO M\u00c1GICO BODAS, EVENTOS CORPORATIVOS, COMUNIONES&#8230; UNA DE LAS MEJORES OPCIONES PARA TU FIESTA El espejo m\u00e1gico de Wedding Call Eventos\u00a0es un\u00a0fotomat\u00f3n \u00fanico. A simple vista es un espejo convencional y\u2026 \u00a1Aqu\u00ed est\u00e1 la m\u00e1gia!\u00a0 El espejo m\u00e1gico es lo \u00faltimo en fotomatones para fiestas celebraciones y eventos. Col\u00f3cate frente al espejo, toca su [&hellip;]\" \/>\n<meta property=\"og:url\" content=\"https:\/\/weddingcalleventos.com\/en\/servicios\/wedding-espejo-magico\/\" \/>\n<meta property=\"og:site_name\" content=\"WeddingCallEventos\" \/>\n<meta property=\"article:publisher\" content=\"https:\/\/www.facebook.com\/weddindcall\" \/>\n<meta property=\"article:modified_time\" content=\"2023-09-12T15:02:59+00:00\" \/>\n<meta property=\"og:image\" content=\"https:\/\/weddingcalleventos.com\/wp-content\/uploads\/2023\/09\/espejo1.jpg\" \/>\n<meta name=\"twitter:card\" content=\"summary_large_image\" \/>\n<meta name=\"twitter:label1\" content=\"Estimated reading time\" \/>\n\t<meta name=\"twitter:data1\" content=\"2 minutes\" \/>\n<script type=\"application\/ld+json\" class=\"yoast-schema-graph\">{\"@context\":\"https:\/\/schema.org\",\"@graph\":[{\"@type\":\"WebPage\",\"@id\":\"https:\/\/weddingcalleventos.com\/servicios\/wedding-espejo-magico\/\",\"url\":\"https:\/\/weddingcalleventos.com\/servicios\/wedding-espejo-magico\/\",\"name\":\"WEDDING ESPEJO M\u00c1GICO - WeddingCallEventos\",\"isPartOf\":{\"@id\":\"https:\/\/weddingcalleventos.com\/#website\"},\"primaryImageOfPage\":{\"@id\":\"https:\/\/weddingcalleventos.com\/servicios\/wedding-espejo-magico\/#primaryimage\"},\"image\":{\"@id\":\"https:\/\/weddingcalleventos.com\/servicios\/wedding-espejo-magico\/#primaryimage\"},\"thumbnailUrl\":\"https:\/\/weddingcalleventos.com\/wp-content\/uploads\/2023\/09\/espejo1.jpg\",\"datePublished\":\"2023-09-12T11:55:04+00:00\",\"dateModified\":\"2023-09-12T15:02:59+00:00\",\"breadcrumb\":{\"@id\":\"https:\/\/weddingcalleventos.com\/servicios\/wedding-espejo-magico\/#breadcrumb\"},\"inLanguage\":\"en-GB\",\"potentialAction\":[{\"@type\":\"ReadAction\",\"target\":[\"https:\/\/weddingcalleventos.com\/servicios\/wedding-espejo-magico\/\"]}]},{\"@type\":\"ImageObject\",\"inLanguage\":\"en-GB\",\"@id\":\"https:\/\/weddingcalleventos.com\/servicios\/wedding-espejo-magico\/#primaryimage\",\"url\":\"https:\/\/weddingcalleventos.com\/wp-content\/uploads\/2023\/09\/espejo1.jpg\",\"contentUrl\":\"https:\/\/weddingcalleventos.com\/wp-content\/uploads\/2023\/09\/espejo1.jpg\"},{\"@type\":\"BreadcrumbList\",\"@id\":\"https:\/\/weddingcalleventos.com\/servicios\/wedding-espejo-magico\/#breadcrumb\",\"itemListElement\":[{\"@type\":\"ListItem\",\"position\":1,\"name\":\"Portada\",\"item\":\"https:\/\/weddingcalleventos.com\/\"},{\"@type\":\"ListItem\",\"position\":2,\"name\":\"Servicios\",\"item\":\"https:\/\/weddingcalleventos.com\/servicios\/\"},{\"@type\":\"ListItem\",\"position\":3,\"name\":\"WEDDING ESPEJO M\u00c1GICO\"}]},{\"@type\":\"WebSite\",\"@id\":\"https:\/\/weddingcalleventos.com\/#website\",\"url\":\"https:\/\/weddingcalleventos.com\/\",\"name\":\"Wedding Call Eventos\",\"description\":\"\",\"publisher\":{\"@id\":\"https:\/\/weddingcalleventos.com\/#organization\"},\"potentialAction\":[{\"@type\":\"SearchAction\",\"target\":{\"@type\":\"EntryPoint\",\"urlTemplate\":\"https:\/\/weddingcalleventos.com\/?s={search_term_string}\"},\"query-input\":{\"@type\":\"PropertyValueSpecification\",\"valueRequired\":true,\"valueName\":\"search_term_string\"}}],\"inLanguage\":\"en-GB\"},{\"@type\":\"Organization\",\"@id\":\"https:\/\/weddingcalleventos.com\/#organization\",\"name\":\"Wedding Call Eventos\",\"url\":\"https:\/\/weddingcalleventos.com\/\",\"logo\":{\"@type\":\"ImageObject\",\"inLanguage\":\"en-GB\",\"@id\":\"https:\/\/weddingcalleventos.com\/#\/schema\/logo\/image\/\",\"url\":\"https:\/\/weddingcalleventos.com\/wp-content\/uploads\/2023\/09\/web-logo-wdc.png\",\"contentUrl\":\"https:\/\/weddingcalleventos.com\/wp-content\/uploads\/2023\/09\/web-logo-wdc.png\",\"width\":393,\"height\":95,\"caption\":\"Wedding Call Eventos\"},\"image\":{\"@id\":\"https:\/\/weddingcalleventos.com\/#\/schema\/logo\/image\/\"},\"sameAs\":[\"https:\/\/www.facebook.com\/weddindcall\",\"https:\/\/www.instagram.com\/wedding.call\/\"]}]}<\/script>\n<!-- \/ Yoast SEO plugin. -->","yoast_head_json":{"title":"WEDDING ESPEJO M\u00c1GICO - WeddingCallEventos","robots":{"index":"index","follow":"follow","max-snippet":"max-snippet:-1","max-image-preview":"max-image-preview:large","max-video-preview":"max-video-preview:-1"},"canonical":"https:\/\/weddingcalleventos.com\/en\/servicios\/wedding-espejo-magico\/","og_locale":"en_GB","og_type":"article","og_title":"WEDDING ESPEJO M\u00c1GICO - WeddingCallEventos","og_description":"WEDDING ESPEJO M\u00c1GICO BODAS, EVENTOS CORPORATIVOS, COMUNIONES&#8230; UNA DE LAS MEJORES OPCIONES PARA TU FIESTA El espejo m\u00e1gico de Wedding Call Eventos\u00a0es un\u00a0fotomat\u00f3n \u00fanico. A simple vista es un espejo convencional y\u2026 \u00a1Aqu\u00ed est\u00e1 la m\u00e1gia!\u00a0 El espejo m\u00e1gico es lo \u00faltimo en fotomatones para fiestas celebraciones y eventos. Col\u00f3cate frente al espejo, toca su [&hellip;]","og_url":"https:\/\/weddingcalleventos.com\/en\/servicios\/wedding-espejo-magico\/","og_site_name":"WeddingCallEventos","article_publisher":"https:\/\/www.facebook.com\/weddindcall","article_modified_time":"2023-09-12T15:02:59+00:00","og_image":[{"url":"https:\/\/weddingcalleventos.com\/wp-content\/uploads\/2023\/09\/espejo1.jpg"}],"twitter_card":"summary_large_image","twitter_misc":{"Estimated reading time":"2 minutes"},"schema":{"@context":"https:\/\/schema.org","@graph":[{"@type":"WebPage","@id":"https:\/\/weddingcalleventos.com\/servicios\/wedding-espejo-magico\/","url":"https:\/\/weddingcalleventos.com\/servicios\/wedding-espejo-magico\/","name":"WEDDING ESPEJO M\u00c1GICO - WeddingCallEventos","isPartOf":{"@id":"https:\/\/weddingcalleventos.com\/#website"},"primaryImageOfPage":{"@id":"https:\/\/weddingcalleventos.com\/servicios\/wedding-espejo-magico\/#primaryimage"},"image":{"@id":"https:\/\/weddingcalleventos.com\/servicios\/wedding-espejo-magico\/#primaryimage"},"thumbnailUrl":"https:\/\/weddingcalleventos.com\/wp-content\/uploads\/2023\/09\/espejo1.jpg","datePublished":"2023-09-12T11:55:04+00:00","dateModified":"2023-09-12T15:02:59+00:00","breadcrumb":{"@id":"https:\/\/weddingcalleventos.com\/servicios\/wedding-espejo-magico\/#breadcrumb"},"inLanguage":"en-GB","potentialAction":[{"@type":"ReadAction","target":["https:\/\/weddingcalleventos.com\/servicios\/wedding-espejo-magico\/"]}]},{"@type":"ImageObject","inLanguage":"en-GB","@id":"https:\/\/weddingcalleventos.com\/servicios\/wedding-espejo-magico\/#primaryimage","url":"https:\/\/weddingcalleventos.com\/wp-content\/uploads\/2023\/09\/espejo1.jpg","contentUrl":"https:\/\/weddingcalleventos.com\/wp-content\/uploads\/2023\/09\/espejo1.jpg"},{"@type":"BreadcrumbList","@id":"https:\/\/weddingcalleventos.com\/servicios\/wedding-espejo-magico\/#breadcrumb","itemListElement":[{"@type":"ListItem","position":1,"name":"Portada","item":"https:\/\/weddingcalleventos.com\/"},{"@type":"ListItem","position":2,"name":"Servicios","item":"https:\/\/weddingcalleventos.com\/servicios\/"},{"@type":"ListItem","position":3,"name":"WEDDING ESPEJO M\u00c1GICO"}]},{"@type":"WebSite","@id":"https:\/\/weddingcalleventos.com\/#website","url":"https:\/\/weddingcalleventos.com\/","name":"Wedding Call Eventos","description":"","publisher":{"@id":"https:\/\/weddingcalleventos.com\/#organization"},"potentialAction":[{"@type":"SearchAction","target":{"@type":"EntryPoint","urlTemplate":"https:\/\/weddingcalleventos.com\/?s={search_term_string}"},"query-input":{"@type":"PropertyValueSpecification","valueRequired":true,"valueName":"search_term_string"}}],"inLanguage":"en-GB"},{"@type":"Organization","@id":"https:\/\/weddingcalleventos.com\/#organization","name":"Wedding Call Eventos","url":"https:\/\/weddingcalleventos.com\/","logo":{"@type":"ImageObject","inLanguage":"en-GB","@id":"https:\/\/weddingcalleventos.com\/#\/schema\/logo\/image\/","url":"https:\/\/weddingcalleventos.com\/wp-content\/uploads\/2023\/09\/web-logo-wdc.png","contentUrl":"https:\/\/weddingcalleventos.com\/wp-content\/uploads\/2023\/09\/web-logo-wdc.png","width":393,"height":95,"caption":"Wedding Call Eventos"},"image":{"@id":"https:\/\/weddingcalleventos.com\/#\/schema\/logo\/image\/"},"sameAs":["https:\/\/www.facebook.com\/weddindcall","https:\/\/www.instagram.com\/wedding.call\/"]}]}},"_links":{"self":[{"href":"https:\/\/weddingcalleventos.com\/en\/wp-json\/wp\/v2\/pages\/432","targetHints":{"allow":["GET"]}}],"collection":[{"href":"https:\/\/weddingcalleventos.com\/en\/wp-json\/wp\/v2\/pages"}],"about":[{"href":"https:\/\/weddingcalleventos.com\/en\/wp-json\/wp\/v2\/types\/page"}],"author":[{"embeddable":true,"href":"https:\/\/weddingcalleventos.com\/en\/wp-json\/wp\/v2\/users\/1"}],"replies":[{"embeddable":true,"href":"https:\/\/weddingcalleventos.com\/en\/wp-json\/wp\/v2\/comments?post=432"}],"version-history":[{"count":7,"href":"https:\/\/weddingcalleventos.com\/en\/wp-json\/wp\/v2\/pages\/432\/revisions"}],"predecessor-version":[{"id":443,"href":"https:\/\/weddingcalleventos.com\/en\/wp-json\/wp\/v2\/pages\/432\/revisions\/443"}],"up":[{"embeddable":true,"href":"https:\/\/weddingcalleventos.com\/en\/wp-json\/wp\/v2\/pages\/228"}],"wp:attachment":[{"href":"https:\/\/weddingcalleventos.com\/en\/wp-json\/wp\/v2\/media?parent=432"}],"curies":[{"name":"wp","href":"https:\/\/api.w.org\/{rel}","templated":true}]}}