{"id":396,"date":"2023-09-12T13:30:56","date_gmt":"2023-09-12T11:30:56","guid":{"rendered":"https:\/\/weddingcalleventos.com\/?page_id=396"},"modified":"2023-09-12T13:54:33","modified_gmt":"2023-09-12T11:54:33","slug":"sonido-e-iluminacion","status":"publish","type":"page","link":"https:\/\/weddingcalleventos.com\/en\/servicios\/sonido-e-iluminacion\/","title":{"rendered":"SOUND AND LIGHTING"},"content":{"rendered":"<div data-elementor-type=\"wp-page\" data-elementor-id=\"396\" class=\"elementor elementor-396\" data-elementor-post-type=\"page\">\n\t\t\t\t\t\t\t\t\t<section class=\"elementor-section elementor-top-section elementor-element elementor-element-5e0e0695 elementor-section-boxed elementor-section-height-default elementor-section-height-default\" data-id=\"5e0e0695\" data-element_type=\"section\" data-settings=\"{&quot;background_background&quot;:&quot;classic&quot;}\">\n\t\t\t\t\t\t<div class=\"elementor-container elementor-column-gap-default\">\n\t\t\t\t\t<div class=\"elementor-column elementor-col-100 elementor-top-column elementor-element elementor-element-46110ef8\" data-id=\"46110ef8\" data-element_type=\"column\">\n\t\t\t<div class=\"elementor-widget-wrap elementor-element-populated\">\n\t\t\t\t\t\t\t\t<div class=\"elementor-element elementor-element-d42acbb elementor-widget elementor-widget-heading\" data-id=\"d42acbb\" data-element_type=\"widget\" data-widget_type=\"heading.default\">\n\t\t\t\t<div class=\"elementor-widget-container\">\n\t\t\t<style>\/*! elementor - v3.15.0 - 20-08-2023 *\/\n.elementor-heading-title{padding:0;margin:0;line-height:1}.elementor-widget-heading .elementor-heading-title[class*=elementor-size-]>a{color:inherit;font-size:inherit;line-height:inherit}.elementor-widget-heading .elementor-heading-title.elementor-size-small{font-size:15px}.elementor-widget-heading .elementor-heading-title.elementor-size-medium{font-size:19px}.elementor-widget-heading .elementor-heading-title.elementor-size-large{font-size:29px}.elementor-widget-heading .elementor-heading-title.elementor-size-xl{font-size:39px}.elementor-widget-heading .elementor-heading-title.elementor-size-xxl{font-size:59px}<\/style><h1 class=\"elementor-heading-title elementor-size-default\">SOUND AND LIGHTING<\/h1>\t\t<\/div>\n\t\t\t\t<\/div>\n\t\t\t\t\t<\/div>\n\t\t<\/div>\n\t\t\t\t\t\t\t<\/div>\n\t\t<\/section>\n\t\t\t\t<section class=\"elementor-section elementor-top-section elementor-element elementor-element-16d82ffa elementor-section-boxed elementor-section-height-default elementor-section-height-default\" data-id=\"16d82ffa\" data-element_type=\"section\" data-settings=\"{&quot;background_background&quot;:&quot;classic&quot;}\">\n\t\t\t\t\t\t<div class=\"elementor-container elementor-column-gap-default\">\n\t\t\t\t\t<div class=\"elementor-column elementor-col-100 elementor-top-column elementor-element elementor-element-3bbf0d1e\" data-id=\"3bbf0d1e\" data-element_type=\"column\">\n\t\t\t<div class=\"elementor-widget-wrap elementor-element-populated\">\n\t\t\t\t\t\t\t\t<div class=\"elementor-element elementor-element-42afbf20 elementor-widget elementor-widget-heading\" data-id=\"42afbf20\" data-element_type=\"widget\" data-widget_type=\"heading.default\">\n\t\t\t\t<div class=\"elementor-widget-container\">\n\t\t\t<p class=\"elementor-heading-title elementor-size-default\">WE ADAPT TO YOUR NEEDS<\/p>\t\t<\/div>\n\t\t\t\t<\/div>\n\t\t\t\t<div class=\"elementor-element elementor-element-2549607a elementor-widget elementor-widget-heading\" data-id=\"2549607a\" data-element_type=\"widget\" data-widget_type=\"heading.default\">\n\t\t\t\t<div class=\"elementor-widget-container\">\n\t\t\t<h2 class=\"elementor-heading-title elementor-size-default\">SOUND AND LIGHTING RENTAL FOR SMALL EVENTS<\/h2>\t\t<\/div>\n\t\t\t\t<\/div>\n\t\t\t\t<div class=\"elementor-element elementor-element-7e0953c5 elementor-widget elementor-widget-text-editor\" data-id=\"7e0953c5\" data-element_type=\"widget\" data-widget_type=\"text-editor.default\">\n\t\t\t\t<div class=\"elementor-widget-container\">\n\t\t\t<style>\/*! elementor - v3.15.0 - 20-08-2023 *\/\n.elementor-widget-text-editor.elementor-drop-cap-view-stacked .elementor-drop-cap{background-color:#69727d;color:#fff}.elementor-widget-text-editor.elementor-drop-cap-view-framed .elementor-drop-cap{color:#69727d;border:3px solid;background-color:transparent}.elementor-widget-text-editor:not(.elementor-drop-cap-view-default) .elementor-drop-cap{margin-top:8px}.elementor-widget-text-editor:not(.elementor-drop-cap-view-default) .elementor-drop-cap-letter{width:1em;height:1em}.elementor-widget-text-editor .elementor-drop-cap{float:left;text-align:center;line-height:1;font-size:50px}.elementor-widget-text-editor .elementor-drop-cap-letter{display:inline-block}<\/style>\t\t\t\t<p>Weddings, sporting events, corporate sound systems\u2026<\/p>\t\t\t\t\t\t<\/div>\n\t\t\t\t<\/div>\n\t\t\t\t<section class=\"elementor-section elementor-inner-section elementor-element elementor-element-61e0d618 elementor-section-boxed elementor-section-height-default elementor-section-height-default\" data-id=\"61e0d618\" data-element_type=\"section\">\n\t\t\t\t\t\t<div class=\"elementor-container elementor-column-gap-default\">\n\t\t\t\t\t<div class=\"elementor-column elementor-col-50 elementor-inner-column elementor-element elementor-element-6ded485c\" data-id=\"6ded485c\" data-element_type=\"column\">\n\t\t\t<div class=\"elementor-widget-wrap elementor-element-populated\">\n\t\t\t\t\t\t\t\t<div class=\"elementor-element elementor-element-47ca5a1d elementor-widget elementor-widget-image\" data-id=\"47ca5a1d\" data-element_type=\"widget\" data-widget_type=\"image.default\">\n\t\t\t\t<div class=\"elementor-widget-container\">\n\t\t\t<style>\/*! elementor - v3.15.0 - 20-08-2023 *\/\n.elementor-widget-image{text-align:center}.elementor-widget-image a{display:inline-block}.elementor-widget-image a img[src$=\".svg\"]{width:48px}.elementor-widget-image img{vertical-align:middle;display:inline-block}<\/style>\t\t\t\t\t\t\t\t\t\t\t\t<img loading=\"lazy\" decoding=\"async\" width=\"800\" height=\"500\" src=\"https:\/\/weddingcalleventos.com\/wp-content\/uploads\/2023\/09\/sonido1.jpg\" class=\"attachment-full size-full wp-image-411\" alt=\"Mesa de DJ y p\u00f3rtatil preparado para poner m\u00fasica en un evento\" srcset=\"https:\/\/weddingcalleventos.com\/wp-content\/uploads\/2023\/09\/sonido1.jpg 800w, https:\/\/weddingcalleventos.com\/wp-content\/uploads\/2023\/09\/sonido1-300x188.jpg 300w, https:\/\/weddingcalleventos.com\/wp-content\/uploads\/2023\/09\/sonido1-768x480.jpg 768w, https:\/\/weddingcalleventos.com\/wp-content\/uploads\/2023\/09\/sonido1-18x12.jpg 18w\" sizes=\"auto, (max-width: 800px) 100vw, 800px\" \/>\t\t\t\t\t\t\t\t\t\t\t\t\t\t\t<\/div>\n\t\t\t\t<\/div>\n\t\t\t\t\t<\/div>\n\t\t<\/div>\n\t\t\t\t<div class=\"elementor-column elementor-col-50 elementor-inner-column elementor-element elementor-element-9a19bcb\" data-id=\"9a19bcb\" data-element_type=\"column\">\n\t\t\t<div class=\"elementor-widget-wrap elementor-element-populated\">\n\t\t\t\t\t\t\t\t<div class=\"elementor-element elementor-element-399c9b18 elementor-widget elementor-widget-image\" data-id=\"399c9b18\" data-element_type=\"widget\" data-widget_type=\"image.default\">\n\t\t\t\t<div class=\"elementor-widget-container\">\n\t\t\t\t\t\t\t\t\t\t\t\t\t\t\t<img loading=\"lazy\" decoding=\"async\" width=\"800\" height=\"500\" src=\"https:\/\/weddingcalleventos.com\/wp-content\/uploads\/2023\/09\/sonido3.jpg\" class=\"attachment-full size-full wp-image-414\" alt=\"Dj pinchando en una fiesta\" srcset=\"https:\/\/weddingcalleventos.com\/wp-content\/uploads\/2023\/09\/sonido3.jpg 800w, https:\/\/weddingcalleventos.com\/wp-content\/uploads\/2023\/09\/sonido3-300x188.jpg 300w, https:\/\/weddingcalleventos.com\/wp-content\/uploads\/2023\/09\/sonido3-768x480.jpg 768w, https:\/\/weddingcalleventos.com\/wp-content\/uploads\/2023\/09\/sonido3-18x12.jpg 18w\" sizes=\"auto, (max-width: 800px) 100vw, 800px\" \/>\t\t\t\t\t\t\t\t\t\t\t\t\t\t\t<\/div>\n\t\t\t\t<\/div>\n\t\t\t\t\t<\/div>\n\t\t<\/div>\n\t\t\t\t\t\t\t<\/div>\n\t\t<\/section>\n\t\t\t\t<div class=\"elementor-element elementor-element-3b7980e9 elementor-widget elementor-widget-text-editor\" data-id=\"3b7980e9\" data-element_type=\"widget\" data-widget_type=\"text-editor.default\">\n\t\t\t\t<div class=\"elementor-widget-container\">\n\t\t\t\t\t\t\t<p>Sound is a fundamental element in every event. Elevate the experience and create memorable moments for attendees. Surely you have in mind a party that has left an indelible mark on you, a dance with friends... reflect on it: sound was essential. Can you imagine that party without quality sound equipment? In reality, a celebration without microphones, speakers, a proper lighting system, etc., would be nothing.<strong> a fundamental element in the whole event<\/strong>. Elevates the experience and creates memorable moments for the attendees. Sure that you have in mind any holiday that you have left an indelible mark, a dance with friends... think about it: the sound was essential. Can you imagine this holiday without a team of sound quality? In reality, a celebration without microphones, speakers, a system of appropriate lighting, etc, there would be nothing.<\/p><p>For us, the essence of an event lies in <strong>the creation of a suitable environment<\/strong> for each time, therefore we offer a selection of musical meticulously selected and custom tailored to each client. We have an exceptional workforce that is up to any challenge. We work with <strong>the most prestigious brands in the market<\/strong>, such as Bose, Pioneer, and JBL, and we are constantly updating our materials to ensure the best experience for our customers.<\/p>\t\t\t\t\t\t<\/div>\n\t\t\t\t<\/div>\n\t\t\t\t\t<\/div>\n\t\t<\/div>\n\t\t\t\t\t\t\t<\/div>\n\t\t<\/section>\n\t\t\t\t<section class=\"elementor-section elementor-top-section elementor-element elementor-element-a7e0fa6 elementor-section-boxed elementor-section-height-default elementor-section-height-default\" data-id=\"a7e0fa6\" data-element_type=\"section\" data-settings=\"{&quot;background_background&quot;:&quot;classic&quot;}\">\n\t\t\t\t\t\t<div class=\"elementor-container elementor-column-gap-default\">\n\t\t\t\t\t<div class=\"elementor-column elementor-col-66 elementor-top-column elementor-element elementor-element-439fcc10\" data-id=\"439fcc10\" data-element_type=\"column\">\n\t\t\t<div class=\"elementor-widget-wrap elementor-element-populated\">\n\t\t\t\t\t\t\t\t<div class=\"elementor-element elementor-element-6e0aa8cf elementor-widget elementor-widget-heading\" data-id=\"6e0aa8cf\" data-element_type=\"widget\" data-widget_type=\"heading.default\">\n\t\t\t\t<div class=\"elementor-widget-container\">\n\t\t\t<h3 class=\"elementor-heading-title elementor-size-default\">ASK FOR YOUR BUDGET WITHOUT OBLIGATION<\/h3>\t\t<\/div>\n\t\t\t\t<\/div>\n\t\t\t\t\t<\/div>\n\t\t<\/div>\n\t\t\t\t<div class=\"elementor-column elementor-col-33 elementor-top-column elementor-element elementor-element-3c86b70c\" data-id=\"3c86b70c\" data-element_type=\"column\">\n\t\t\t<div class=\"elementor-widget-wrap elementor-element-populated\">\n\t\t\t\t\t\t\t\t<div class=\"elementor-element elementor-element-24815ba4 elementor-align-center elementor-widget__width-inherit elementor-widget elementor-widget-button\" data-id=\"24815ba4\" data-element_type=\"widget\" data-widget_type=\"button.default\">\n\t\t\t\t<div class=\"elementor-widget-container\">\n\t\t\t\t\t<div class=\"elementor-button-wrapper\">\n\t\t\t<a class=\"elementor-button elementor-button-link elementor-size-sm\" href=\"https:\/\/weddingcalleventos.com\/en\/contacto\/\">\n\t\t\t\t\t\t<span class=\"elementor-button-content-wrapper\">\n\t\t\t\t\t\t<span class=\"elementor-button-text\">REQUEST A QUOTE<\/span>\n\t\t<\/span>\n\t\t\t\t\t<\/a>\n\t\t<\/div>\n\t\t\t\t<\/div>\n\t\t\t\t<\/div>\n\t\t\t\t\t<\/div>\n\t\t<\/div>\n\t\t\t\t\t\t\t<\/div>\n\t\t<\/section>\n\t\t\t\t<section class=\"elementor-section elementor-top-section elementor-element elementor-element-5ee63c3c elementor-section-boxed elementor-section-height-default elementor-section-height-default\" data-id=\"5ee63c3c\" data-element_type=\"section\" data-settings=\"{&quot;background_background&quot;:&quot;classic&quot;}\">\n\t\t\t\t\t\t<div class=\"elementor-container elementor-column-gap-default\">\n\t\t\t\t\t<div class=\"elementor-column elementor-col-100 elementor-top-column elementor-element elementor-element-3605863d\" data-id=\"3605863d\" data-element_type=\"column\">\n\t\t\t<div class=\"elementor-widget-wrap elementor-element-populated\">\n\t\t\t\t\t\t\t\t<section class=\"elementor-section elementor-inner-section elementor-element elementor-element-2354dfce elementor-section-boxed elementor-section-height-default elementor-section-height-default\" data-id=\"2354dfce\" data-element_type=\"section\">\n\t\t\t\t\t\t<div class=\"elementor-container elementor-column-gap-default\">\n\t\t\t\t\t<div class=\"elementor-column elementor-col-50 elementor-inner-column elementor-element elementor-element-1fcd1798\" data-id=\"1fcd1798\" data-element_type=\"column\">\n\t\t\t<div class=\"elementor-widget-wrap elementor-element-populated\">\n\t\t\t\t\t\t\t\t<div class=\"elementor-element elementor-element-6bb45b57 elementor-widget elementor-widget-image\" data-id=\"6bb45b57\" data-element_type=\"widget\" data-widget_type=\"image.default\">\n\t\t\t\t<div class=\"elementor-widget-container\">\n\t\t\t\t\t\t\t\t\t\t\t\t\t\t\t<img loading=\"lazy\" decoding=\"async\" width=\"800\" height=\"500\" src=\"https:\/\/weddingcalleventos.com\/wp-content\/uploads\/2023\/09\/iluminacion.jpg\" class=\"attachment-full size-full wp-image-413\" alt=\"Fiesta con m\u00fasica y mucha iluminaci\u00f3n\" srcset=\"https:\/\/weddingcalleventos.com\/wp-content\/uploads\/2023\/09\/iluminacion.jpg 800w, https:\/\/weddingcalleventos.com\/wp-content\/uploads\/2023\/09\/iluminacion-300x188.jpg 300w, https:\/\/weddingcalleventos.com\/wp-content\/uploads\/2023\/09\/iluminacion-768x480.jpg 768w, https:\/\/weddingcalleventos.com\/wp-content\/uploads\/2023\/09\/iluminacion-18x12.jpg 18w\" sizes=\"auto, (max-width: 800px) 100vw, 800px\" \/>\t\t\t\t\t\t\t\t\t\t\t\t\t\t\t<\/div>\n\t\t\t\t<\/div>\n\t\t\t\t\t<\/div>\n\t\t<\/div>\n\t\t\t\t<div class=\"elementor-column elementor-col-50 elementor-inner-column elementor-element elementor-element-76faba96\" data-id=\"76faba96\" data-element_type=\"column\">\n\t\t\t<div class=\"elementor-widget-wrap elementor-element-populated\">\n\t\t\t\t\t\t\t\t<div class=\"elementor-element elementor-element-70016c94 elementor-widget elementor-widget-text-editor\" data-id=\"70016c94\" data-element_type=\"widget\" data-widget_type=\"text-editor.default\">\n\t\t\t\t<div class=\"elementor-widget-container\">\n\t\t\t\t\t\t\t<p>You can get in touch with us to know the different types of sound equipment that we offer. Do you not know what music equipment you need for your event? Don&#039;t worry, <strong>our professionals will examine the needs of your event<\/strong> to provide you with the equipment that best suits your party and to the place where you are going to celebrate.<\/p><p>The success of your party is not just about the quality of the sound. Also include things like <strong>the lighting, setting, and other amenities that can make your event amazing.<\/strong> We have lighting equipment, stage sets, light bulbs, leds, microphones, screens... And always accompanied by the best qualified technical staff and <strong>the best quality equipment<\/strong> in perfect condition.<\/p>\t\t\t\t\t\t<\/div>\n\t\t\t\t<\/div>\n\t\t\t\t\t<\/div>\n\t\t<\/div>\n\t\t\t\t\t\t\t<\/div>\n\t\t<\/section>\n\t\t\t\t\t<\/div>\n\t\t<\/div>\n\t\t\t\t\t\t\t<\/div>\n\t\t<\/section>\n\t\t\t\t\t\t\t<\/div>","protected":false},"excerpt":{"rendered":"<p>SONIDO E ILUMINACI\u00d3N NOS ADAPTAMOS A TUS NECESIDADES ALQUILER DE SONIDO E ILUMINACI\u00d3N PARA PEQUE\u00d1OS EVENTOS Bodas, eventos deportivos, sonorizaciones corporativas &#8230; El sonido es un elemento fundamental en todo evento. Eleva la experiencia y crea momentos memorables para los asistentes. Seguro que tienes en mente alguna fiesta que te haya dejado una marca imborrable, [&hellip;]<\/p>","protected":false},"author":1,"featured_media":0,"parent":228,"menu_order":0,"comment_status":"closed","ping_status":"closed","template":"","meta":{"footnotes":""},"class_list":["post-396","page","type-page","status-publish","hentry"],"yoast_head":"<!-- This site is optimized with the Yoast SEO plugin v23.4 - https:\/\/yoast.com\/wordpress\/plugins\/seo\/ -->\n<title>SONIDO E ILUMINACI\u00d3N - WeddingCallEventos<\/title>\n<meta name=\"robots\" content=\"index, follow, max-snippet:-1, max-image-preview:large, max-video-preview:-1\" \/>\n<link rel=\"canonical\" href=\"https:\/\/weddingcalleventos.com\/en\/servicios\/sonido-e-iluminacion\/\" \/>\n<meta property=\"og:locale\" content=\"en_GB\" \/>\n<meta property=\"og:type\" content=\"article\" \/>\n<meta property=\"og:title\" content=\"SONIDO E ILUMINACI\u00d3N - WeddingCallEventos\" \/>\n<meta property=\"og:description\" content=\"SONIDO E ILUMINACI\u00d3N NOS ADAPTAMOS A TUS NECESIDADES ALQUILER DE SONIDO E ILUMINACI\u00d3N PARA PEQUE\u00d1OS EVENTOS Bodas, eventos deportivos, sonorizaciones corporativas &#8230; El sonido es un elemento fundamental en todo evento. Eleva la experiencia y crea momentos memorables para los asistentes. Seguro que tienes en mente alguna fiesta que te haya dejado una marca imborrable, [&hellip;]\" \/>\n<meta property=\"og:url\" content=\"https:\/\/weddingcalleventos.com\/en\/servicios\/sonido-e-iluminacion\/\" \/>\n<meta property=\"og:site_name\" content=\"WeddingCallEventos\" \/>\n<meta property=\"article:publisher\" content=\"https:\/\/www.facebook.com\/weddindcall\" \/>\n<meta property=\"article:modified_time\" content=\"2023-09-12T11:54:33+00:00\" \/>\n<meta property=\"og:image\" content=\"https:\/\/weddingcalleventos.com\/wp-content\/uploads\/2023\/09\/sonido1.jpg\" \/>\n<meta name=\"twitter:card\" content=\"summary_large_image\" \/>\n<meta name=\"twitter:label1\" content=\"Estimated reading time\" \/>\n\t<meta name=\"twitter:data1\" content=\"2 minutes\" \/>\n<script type=\"application\/ld+json\" class=\"yoast-schema-graph\">{\"@context\":\"https:\/\/schema.org\",\"@graph\":[{\"@type\":\"WebPage\",\"@id\":\"https:\/\/weddingcalleventos.com\/servicios\/sonido-e-iluminacion\/\",\"url\":\"https:\/\/weddingcalleventos.com\/servicios\/sonido-e-iluminacion\/\",\"name\":\"SONIDO E ILUMINACI\u00d3N - WeddingCallEventos\",\"isPartOf\":{\"@id\":\"https:\/\/weddingcalleventos.com\/#website\"},\"primaryImageOfPage\":{\"@id\":\"https:\/\/weddingcalleventos.com\/servicios\/sonido-e-iluminacion\/#primaryimage\"},\"image\":{\"@id\":\"https:\/\/weddingcalleventos.com\/servicios\/sonido-e-iluminacion\/#primaryimage\"},\"thumbnailUrl\":\"https:\/\/weddingcalleventos.com\/wp-content\/uploads\/2023\/09\/sonido1.jpg\",\"datePublished\":\"2023-09-12T11:30:56+00:00\",\"dateModified\":\"2023-09-12T11:54:33+00:00\",\"breadcrumb\":{\"@id\":\"https:\/\/weddingcalleventos.com\/servicios\/sonido-e-iluminacion\/#breadcrumb\"},\"inLanguage\":\"en-GB\",\"potentialAction\":[{\"@type\":\"ReadAction\",\"target\":[\"https:\/\/weddingcalleventos.com\/servicios\/sonido-e-iluminacion\/\"]}]},{\"@type\":\"ImageObject\",\"inLanguage\":\"en-GB\",\"@id\":\"https:\/\/weddingcalleventos.com\/servicios\/sonido-e-iluminacion\/#primaryimage\",\"url\":\"https:\/\/weddingcalleventos.com\/wp-content\/uploads\/2023\/09\/sonido1.jpg\",\"contentUrl\":\"https:\/\/weddingcalleventos.com\/wp-content\/uploads\/2023\/09\/sonido1.jpg\"},{\"@type\":\"BreadcrumbList\",\"@id\":\"https:\/\/weddingcalleventos.com\/servicios\/sonido-e-iluminacion\/#breadcrumb\",\"itemListElement\":[{\"@type\":\"ListItem\",\"position\":1,\"name\":\"Portada\",\"item\":\"https:\/\/weddingcalleventos.com\/\"},{\"@type\":\"ListItem\",\"position\":2,\"name\":\"Servicios\",\"item\":\"https:\/\/weddingcalleventos.com\/servicios\/\"},{\"@type\":\"ListItem\",\"position\":3,\"name\":\"SONIDO E ILUMINACI\u00d3N\"}]},{\"@type\":\"WebSite\",\"@id\":\"https:\/\/weddingcalleventos.com\/#website\",\"url\":\"https:\/\/weddingcalleventos.com\/\",\"name\":\"Wedding Call Eventos\",\"description\":\"\",\"publisher\":{\"@id\":\"https:\/\/weddingcalleventos.com\/#organization\"},\"potentialAction\":[{\"@type\":\"SearchAction\",\"target\":{\"@type\":\"EntryPoint\",\"urlTemplate\":\"https:\/\/weddingcalleventos.com\/?s={search_term_string}\"},\"query-input\":{\"@type\":\"PropertyValueSpecification\",\"valueRequired\":true,\"valueName\":\"search_term_string\"}}],\"inLanguage\":\"en-GB\"},{\"@type\":\"Organization\",\"@id\":\"https:\/\/weddingcalleventos.com\/#organization\",\"name\":\"Wedding Call Eventos\",\"url\":\"https:\/\/weddingcalleventos.com\/\",\"logo\":{\"@type\":\"ImageObject\",\"inLanguage\":\"en-GB\",\"@id\":\"https:\/\/weddingcalleventos.com\/#\/schema\/logo\/image\/\",\"url\":\"https:\/\/weddingcalleventos.com\/wp-content\/uploads\/2023\/09\/web-logo-wdc.png\",\"contentUrl\":\"https:\/\/weddingcalleventos.com\/wp-content\/uploads\/2023\/09\/web-logo-wdc.png\",\"width\":393,\"height\":95,\"caption\":\"Wedding Call Eventos\"},\"image\":{\"@id\":\"https:\/\/weddingcalleventos.com\/#\/schema\/logo\/image\/\"},\"sameAs\":[\"https:\/\/www.facebook.com\/weddindcall\",\"https:\/\/www.instagram.com\/wedding.call\/\"]}]}<\/script>\n<!-- \/ Yoast SEO plugin. -->","yoast_head_json":{"title":"SONIDO E ILUMINACI\u00d3N - WeddingCallEventos","robots":{"index":"index","follow":"follow","max-snippet":"max-snippet:-1","max-image-preview":"max-image-preview:large","max-video-preview":"max-video-preview:-1"},"canonical":"https:\/\/weddingcalleventos.com\/en\/servicios\/sonido-e-iluminacion\/","og_locale":"en_GB","og_type":"article","og_title":"SONIDO E ILUMINACI\u00d3N - WeddingCallEventos","og_description":"SONIDO E ILUMINACI\u00d3N NOS ADAPTAMOS A TUS NECESIDADES ALQUILER DE SONIDO E ILUMINACI\u00d3N PARA PEQUE\u00d1OS EVENTOS Bodas, eventos deportivos, sonorizaciones corporativas &#8230; El sonido es un elemento fundamental en todo evento. Eleva la experiencia y crea momentos memorables para los asistentes. Seguro que tienes en mente alguna fiesta que te haya dejado una marca imborrable, [&hellip;]","og_url":"https:\/\/weddingcalleventos.com\/en\/servicios\/sonido-e-iluminacion\/","og_site_name":"WeddingCallEventos","article_publisher":"https:\/\/www.facebook.com\/weddindcall","article_modified_time":"2023-09-12T11:54:33+00:00","og_image":[{"url":"https:\/\/weddingcalleventos.com\/wp-content\/uploads\/2023\/09\/sonido1.jpg"}],"twitter_card":"summary_large_image","twitter_misc":{"Estimated reading time":"2 minutes"},"schema":{"@context":"https:\/\/schema.org","@graph":[{"@type":"WebPage","@id":"https:\/\/weddingcalleventos.com\/servicios\/sonido-e-iluminacion\/","url":"https:\/\/weddingcalleventos.com\/servicios\/sonido-e-iluminacion\/","name":"SONIDO E ILUMINACI\u00d3N - WeddingCallEventos","isPartOf":{"@id":"https:\/\/weddingcalleventos.com\/#website"},"primaryImageOfPage":{"@id":"https:\/\/weddingcalleventos.com\/servicios\/sonido-e-iluminacion\/#primaryimage"},"image":{"@id":"https:\/\/weddingcalleventos.com\/servicios\/sonido-e-iluminacion\/#primaryimage"},"thumbnailUrl":"https:\/\/weddingcalleventos.com\/wp-content\/uploads\/2023\/09\/sonido1.jpg","datePublished":"2023-09-12T11:30:56+00:00","dateModified":"2023-09-12T11:54:33+00:00","breadcrumb":{"@id":"https:\/\/weddingcalleventos.com\/servicios\/sonido-e-iluminacion\/#breadcrumb"},"inLanguage":"en-GB","potentialAction":[{"@type":"ReadAction","target":["https:\/\/weddingcalleventos.com\/servicios\/sonido-e-iluminacion\/"]}]},{"@type":"ImageObject","inLanguage":"en-GB","@id":"https:\/\/weddingcalleventos.com\/servicios\/sonido-e-iluminacion\/#primaryimage","url":"https:\/\/weddingcalleventos.com\/wp-content\/uploads\/2023\/09\/sonido1.jpg","contentUrl":"https:\/\/weddingcalleventos.com\/wp-content\/uploads\/2023\/09\/sonido1.jpg"},{"@type":"BreadcrumbList","@id":"https:\/\/weddingcalleventos.com\/servicios\/sonido-e-iluminacion\/#breadcrumb","itemListElement":[{"@type":"ListItem","position":1,"name":"Portada","item":"https:\/\/weddingcalleventos.com\/"},{"@type":"ListItem","position":2,"name":"Servicios","item":"https:\/\/weddingcalleventos.com\/servicios\/"},{"@type":"ListItem","position":3,"name":"SONIDO E ILUMINACI\u00d3N"}]},{"@type":"WebSite","@id":"https:\/\/weddingcalleventos.com\/#website","url":"https:\/\/weddingcalleventos.com\/","name":"Wedding Call Eventos","description":"","publisher":{"@id":"https:\/\/weddingcalleventos.com\/#organization"},"potentialAction":[{"@type":"SearchAction","target":{"@type":"EntryPoint","urlTemplate":"https:\/\/weddingcalleventos.com\/?s={search_term_string}"},"query-input":{"@type":"PropertyValueSpecification","valueRequired":true,"valueName":"search_term_string"}}],"inLanguage":"en-GB"},{"@type":"Organization","@id":"https:\/\/weddingcalleventos.com\/#organization","name":"Wedding Call Eventos","url":"https:\/\/weddingcalleventos.com\/","logo":{"@type":"ImageObject","inLanguage":"en-GB","@id":"https:\/\/weddingcalleventos.com\/#\/schema\/logo\/image\/","url":"https:\/\/weddingcalleventos.com\/wp-content\/uploads\/2023\/09\/web-logo-wdc.png","contentUrl":"https:\/\/weddingcalleventos.com\/wp-content\/uploads\/2023\/09\/web-logo-wdc.png","width":393,"height":95,"caption":"Wedding Call Eventos"},"image":{"@id":"https:\/\/weddingcalleventos.com\/#\/schema\/logo\/image\/"},"sameAs":["https:\/\/www.facebook.com\/weddindcall","https:\/\/www.instagram.com\/wedding.call\/"]}]}},"_links":{"self":[{"href":"https:\/\/weddingcalleventos.com\/en\/wp-json\/wp\/v2\/pages\/396","targetHints":{"allow":["GET"]}}],"collection":[{"href":"https:\/\/weddingcalleventos.com\/en\/wp-json\/wp\/v2\/pages"}],"about":[{"href":"https:\/\/weddingcalleventos.com\/en\/wp-json\/wp\/v2\/types\/page"}],"author":[{"embeddable":true,"href":"https:\/\/weddingcalleventos.com\/en\/wp-json\/wp\/v2\/users\/1"}],"replies":[{"embeddable":true,"href":"https:\/\/weddingcalleventos.com\/en\/wp-json\/wp\/v2\/comments?post=396"}],"version-history":[{"count":10,"href":"https:\/\/weddingcalleventos.com\/en\/wp-json\/wp\/v2\/pages\/396\/revisions"}],"predecessor-version":[{"id":431,"href":"https:\/\/weddingcalleventos.com\/en\/wp-json\/wp\/v2\/pages\/396\/revisions\/431"}],"up":[{"embeddable":true,"href":"https:\/\/weddingcalleventos.com\/en\/wp-json\/wp\/v2\/pages\/228"}],"wp:attachment":[{"href":"https:\/\/weddingcalleventos.com\/en\/wp-json\/wp\/v2\/media?parent=396"}],"curies":[{"name":"wp","href":"https:\/\/api.w.org\/{rel}","templated":true}]}}