{"id":365,"date":"2023-09-12T13:16:54","date_gmt":"2023-09-12T11:16:54","guid":{"rendered":"https:\/\/weddingcalleventos.com\/?page_id=365"},"modified":"2023-09-12T13:29:45","modified_gmt":"2023-09-12T11:29:45","slug":"hinchables-plataforma","status":"publish","type":"page","link":"https:\/\/weddingcalleventos.com\/en\/servicios\/hinchables-plataforma\/","title":{"rendered":"INFLATABLE PLATFORM"},"content":{"rendered":"<div data-elementor-type=\"wp-page\" data-elementor-id=\"365\" class=\"elementor elementor-365\" data-elementor-post-type=\"page\">\n\t\t\t\t\t\t\t\t\t<section class=\"elementor-section elementor-top-section elementor-element elementor-element-144e652 elementor-section-boxed elementor-section-height-default elementor-section-height-default\" data-id=\"144e652\" data-element_type=\"section\" data-settings=\"{&quot;background_background&quot;:&quot;classic&quot;}\">\n\t\t\t\t\t\t<div class=\"elementor-container elementor-column-gap-default\">\n\t\t\t\t\t<div class=\"elementor-column elementor-col-100 elementor-top-column elementor-element elementor-element-1f526195\" data-id=\"1f526195\" data-element_type=\"column\">\n\t\t\t<div class=\"elementor-widget-wrap elementor-element-populated\">\n\t\t\t\t\t\t\t\t<div class=\"elementor-element elementor-element-fba502e elementor-widget elementor-widget-heading\" data-id=\"fba502e\" data-element_type=\"widget\" data-widget_type=\"heading.default\">\n\t\t\t\t<div class=\"elementor-widget-container\">\n\t\t\t<style>\/*! elementor - v3.15.0 - 20-08-2023 *\/\n.elementor-heading-title{padding:0;margin:0;line-height:1}.elementor-widget-heading .elementor-heading-title[class*=elementor-size-]>a{color:inherit;font-size:inherit;line-height:inherit}.elementor-widget-heading .elementor-heading-title.elementor-size-small{font-size:15px}.elementor-widget-heading .elementor-heading-title.elementor-size-medium{font-size:19px}.elementor-widget-heading .elementor-heading-title.elementor-size-large{font-size:29px}.elementor-widget-heading .elementor-heading-title.elementor-size-xl{font-size:39px}.elementor-widget-heading .elementor-heading-title.elementor-size-xxl{font-size:59px}<\/style><h1 class=\"elementor-heading-title elementor-size-default\">INFLATABLE PLATFORM<\/h1>\t\t<\/div>\n\t\t\t\t<\/div>\n\t\t\t\t\t<\/div>\n\t\t<\/div>\n\t\t\t\t\t\t\t<\/div>\n\t\t<\/section>\n\t\t\t\t<section class=\"elementor-section elementor-top-section elementor-element elementor-element-1a69da95 elementor-section-boxed elementor-section-height-default elementor-section-height-default\" data-id=\"1a69da95\" data-element_type=\"section\" data-settings=\"{&quot;background_background&quot;:&quot;classic&quot;}\">\n\t\t\t\t\t\t<div class=\"elementor-container elementor-column-gap-default\">\n\t\t\t\t\t<div class=\"elementor-column elementor-col-100 elementor-top-column elementor-element elementor-element-3ae3b32\" data-id=\"3ae3b32\" data-element_type=\"column\">\n\t\t\t<div class=\"elementor-widget-wrap elementor-element-populated\">\n\t\t\t\t\t\t\t\t<div class=\"elementor-element elementor-element-5dcb686c elementor-widget elementor-widget-heading\" data-id=\"5dcb686c\" data-element_type=\"widget\" data-widget_type=\"heading.default\">\n\t\t\t\t<div class=\"elementor-widget-container\">\n\t\t\t<p class=\"elementor-heading-title elementor-size-default\">THE BEST OPTION FOR ANY EVENT<\/p>\t\t<\/div>\n\t\t\t\t<\/div>\n\t\t\t\t<div class=\"elementor-element elementor-element-6397ff83 elementor-widget elementor-widget-heading\" data-id=\"6397ff83\" data-element_type=\"widget\" data-widget_type=\"heading.default\">\n\t\t\t\t<div class=\"elementor-widget-container\">\n\t\t\t<h2 class=\"elementor-heading-title elementor-size-default\">DIVERTILANDIA, THE BEST OPTION FOR INSTITUTIONS<\/h2>\t\t<\/div>\n\t\t\t\t<\/div>\n\t\t\t\t<div class=\"elementor-element elementor-element-48e8b0a elementor-widget elementor-widget-text-editor\" data-id=\"48e8b0a\" data-element_type=\"widget\" data-widget_type=\"text-editor.default\">\n\t\t\t\t<div class=\"elementor-widget-container\">\n\t\t\t<style>\/*! elementor - v3.15.0 - 20-08-2023 *\/\n.elementor-widget-text-editor.elementor-drop-cap-view-stacked .elementor-drop-cap{background-color:#69727d;color:#fff}.elementor-widget-text-editor.elementor-drop-cap-view-framed .elementor-drop-cap{color:#69727d;border:3px solid;background-color:transparent}.elementor-widget-text-editor:not(.elementor-drop-cap-view-default) .elementor-drop-cap{margin-top:8px}.elementor-widget-text-editor:not(.elementor-drop-cap-view-default) .elementor-drop-cap-letter{width:1em;height:1em}.elementor-widget-text-editor .elementor-drop-cap{float:left;text-align:center;line-height:1;font-size:50px}.elementor-widget-text-editor .elementor-drop-cap-letter{display:inline-block}<\/style>\t\t\t\t<p>We have a wide range of inflatables to make your event special and unique!<\/p>\t\t\t\t\t\t<\/div>\n\t\t\t\t<\/div>\n\t\t\t\t<section class=\"elementor-section elementor-inner-section elementor-element elementor-element-60ccc21f elementor-section-boxed elementor-section-height-default elementor-section-height-default\" data-id=\"60ccc21f\" data-element_type=\"section\">\n\t\t\t\t\t\t<div class=\"elementor-container elementor-column-gap-default\">\n\t\t\t\t\t<div class=\"elementor-column elementor-col-50 elementor-inner-column elementor-element elementor-element-344ca06f\" data-id=\"344ca06f\" data-element_type=\"column\">\n\t\t\t<div class=\"elementor-widget-wrap elementor-element-populated\">\n\t\t\t\t\t\t\t\t<div class=\"elementor-element elementor-element-3314ea52 elementor-widget elementor-widget-image\" data-id=\"3314ea52\" data-element_type=\"widget\" data-widget_type=\"image.default\">\n\t\t\t\t<div class=\"elementor-widget-container\">\n\t\t\t<style>\/*! elementor - v3.15.0 - 20-08-2023 *\/\n.elementor-widget-image{text-align:center}.elementor-widget-image a{display:inline-block}.elementor-widget-image a img[src$=\".svg\"]{width:48px}.elementor-widget-image img{vertical-align:middle;display:inline-block}<\/style>\t\t\t\t\t\t\t\t\t\t\t\t<img loading=\"lazy\" decoding=\"async\" width=\"800\" height=\"500\" src=\"https:\/\/weddingcalleventos.com\/wp-content\/uploads\/2023\/09\/divert-2.jpg\" class=\"attachment-full size-full wp-image-368\" alt=\"Colch\u00f3n inflable en un evento\" srcset=\"https:\/\/weddingcalleventos.com\/wp-content\/uploads\/2023\/09\/divert-2.jpg 800w, https:\/\/weddingcalleventos.com\/wp-content\/uploads\/2023\/09\/divert-2-300x188.jpg 300w, https:\/\/weddingcalleventos.com\/wp-content\/uploads\/2023\/09\/divert-2-768x480.jpg 768w, https:\/\/weddingcalleventos.com\/wp-content\/uploads\/2023\/09\/divert-2-18x12.jpg 18w\" sizes=\"auto, (max-width: 800px) 100vw, 800px\" \/>\t\t\t\t\t\t\t\t\t\t\t\t\t\t\t<\/div>\n\t\t\t\t<\/div>\n\t\t\t\t\t<\/div>\n\t\t<\/div>\n\t\t\t\t<div class=\"elementor-column elementor-col-50 elementor-inner-column elementor-element elementor-element-589eb265\" data-id=\"589eb265\" data-element_type=\"column\">\n\t\t\t<div class=\"elementor-widget-wrap elementor-element-populated\">\n\t\t\t\t\t\t\t\t<div class=\"elementor-element elementor-element-4fcd4a12 elementor-widget elementor-widget-image\" data-id=\"4fcd4a12\" data-element_type=\"widget\" data-widget_type=\"image.default\">\n\t\t\t\t<div class=\"elementor-widget-container\">\n\t\t\t\t\t\t\t\t\t\t\t\t\t\t\t<img loading=\"lazy\" decoding=\"async\" width=\"800\" height=\"500\" src=\"https:\/\/weddingcalleventos.com\/wp-content\/uploads\/2023\/09\/divert-1.jpg\" class=\"attachment-full size-full wp-image-369\" alt=\"Colch\u00f3n inflable en un evento\" srcset=\"https:\/\/weddingcalleventos.com\/wp-content\/uploads\/2023\/09\/divert-1.jpg 800w, https:\/\/weddingcalleventos.com\/wp-content\/uploads\/2023\/09\/divert-1-300x188.jpg 300w, https:\/\/weddingcalleventos.com\/wp-content\/uploads\/2023\/09\/divert-1-768x480.jpg 768w, https:\/\/weddingcalleventos.com\/wp-content\/uploads\/2023\/09\/divert-1-18x12.jpg 18w\" sizes=\"auto, (max-width: 800px) 100vw, 800px\" \/>\t\t\t\t\t\t\t\t\t\t\t\t\t\t\t<\/div>\n\t\t\t\t<\/div>\n\t\t\t\t\t<\/div>\n\t\t<\/div>\n\t\t\t\t\t\t\t<\/div>\n\t\t<\/section>\n\t\t\t\t<div class=\"elementor-element elementor-element-7c5c298c elementor-widget elementor-widget-text-editor\" data-id=\"7c5c298c\" data-element_type=\"widget\" data-widget_type=\"text-editor.default\">\n\t\t\t\t<div class=\"elementor-widget-container\">\n\t\t\t\t\t\t\t<p>With Divertilandia, you will enter a world of unlimited fun, both for you and your children. We completely specialize in social events, from children's parties and communions, to theme parties, costume events and any occasion where Bouncy Castles are the key to entertaining the little ones and ensuring them a moment full of maximum fun and joy.<\/p><p>We offer you the best option for renting bouncy castles, reserving them right now at an unbeatable price. In addition, you can choose the one that best suits the needs of your party. We also have a catalog with a large selection of Inflatables at very affordable prices, so that children can enjoy guaranteed fun without breaking your budget.<\/p>\t\t\t\t\t\t<\/div>\n\t\t\t\t<\/div>\n\t\t\t\t\t<\/div>\n\t\t<\/div>\n\t\t\t\t\t\t\t<\/div>\n\t\t<\/section>\n\t\t\t\t<section class=\"elementor-section elementor-top-section elementor-element elementor-element-47afd4f1 elementor-section-boxed elementor-section-height-default elementor-section-height-default\" data-id=\"47afd4f1\" data-element_type=\"section\" data-settings=\"{&quot;background_background&quot;:&quot;classic&quot;}\">\n\t\t\t\t\t\t<div class=\"elementor-container elementor-column-gap-default\">\n\t\t\t\t\t<div class=\"elementor-column elementor-col-66 elementor-top-column elementor-element elementor-element-12600f6\" data-id=\"12600f6\" data-element_type=\"column\">\n\t\t\t<div class=\"elementor-widget-wrap elementor-element-populated\">\n\t\t\t\t\t\t\t\t<div class=\"elementor-element elementor-element-326da674 elementor-widget elementor-widget-heading\" data-id=\"326da674\" data-element_type=\"widget\" data-widget_type=\"heading.default\">\n\t\t\t\t<div class=\"elementor-widget-container\">\n\t\t\t<span class=\"elementor-heading-title elementor-size-default\">ASK FOR YOUR BUDGET WITHOUT OBLIGATION<\/span>\t\t<\/div>\n\t\t\t\t<\/div>\n\t\t\t\t\t<\/div>\n\t\t<\/div>\n\t\t\t\t<div class=\"elementor-column elementor-col-33 elementor-top-column elementor-element elementor-element-e6f82be\" data-id=\"e6f82be\" data-element_type=\"column\">\n\t\t\t<div class=\"elementor-widget-wrap elementor-element-populated\">\n\t\t\t\t\t\t\t\t<div class=\"elementor-element elementor-element-4cf29090 elementor-align-center elementor-widget__width-inherit elementor-widget elementor-widget-button\" data-id=\"4cf29090\" data-element_type=\"widget\" data-widget_type=\"button.default\">\n\t\t\t\t<div class=\"elementor-widget-container\">\n\t\t\t\t\t<div class=\"elementor-button-wrapper\">\n\t\t\t<a class=\"elementor-button elementor-button-link elementor-size-sm\" href=\"https:\/\/weddingcalleventos.com\/en\/contacto\/\">\n\t\t\t\t\t\t<span class=\"elementor-button-content-wrapper\">\n\t\t\t\t\t\t<span class=\"elementor-button-text\">REQUEST A QUOTE<\/span>\n\t\t<\/span>\n\t\t\t\t\t<\/a>\n\t\t<\/div>\n\t\t\t\t<\/div>\n\t\t\t\t<\/div>\n\t\t\t\t\t<\/div>\n\t\t<\/div>\n\t\t\t\t\t\t\t<\/div>\n\t\t<\/section>\n\t\t\t\t<section class=\"elementor-section elementor-top-section elementor-element elementor-element-57adb59e elementor-section-boxed elementor-section-height-default elementor-section-height-default\" data-id=\"57adb59e\" data-element_type=\"section\" data-settings=\"{&quot;background_background&quot;:&quot;classic&quot;}\">\n\t\t\t\t\t\t<div class=\"elementor-container elementor-column-gap-default\">\n\t\t\t\t\t<div class=\"elementor-column elementor-col-100 elementor-top-column elementor-element elementor-element-386ed5f6\" data-id=\"386ed5f6\" data-element_type=\"column\">\n\t\t\t<div class=\"elementor-widget-wrap elementor-element-populated\">\n\t\t\t\t\t\t\t\t<section class=\"elementor-section elementor-inner-section elementor-element elementor-element-301547f0 elementor-section-boxed elementor-section-height-default elementor-section-height-default\" data-id=\"301547f0\" data-element_type=\"section\">\n\t\t\t\t\t\t<div class=\"elementor-container elementor-column-gap-default\">\n\t\t\t\t\t<div class=\"elementor-column elementor-col-50 elementor-inner-column elementor-element elementor-element-5fc85266\" data-id=\"5fc85266\" data-element_type=\"column\">\n\t\t\t<div class=\"elementor-widget-wrap elementor-element-populated\">\n\t\t\t\t\t\t\t\t<div class=\"elementor-element elementor-element-3dd6fbfd elementor-widget elementor-widget-image\" data-id=\"3dd6fbfd\" data-element_type=\"widget\" data-widget_type=\"image.default\">\n\t\t\t\t<div class=\"elementor-widget-container\">\n\t\t\t\t\t\t\t\t\t\t\t\t\t\t\t<img loading=\"lazy\" decoding=\"async\" width=\"800\" height=\"500\" src=\"https:\/\/weddingcalleventos.com\/wp-content\/uploads\/2023\/09\/divert-3.jpg\" class=\"attachment-full size-full wp-image-370\" alt=\"Colch\u00f3n inflable en un evento\" srcset=\"https:\/\/weddingcalleventos.com\/wp-content\/uploads\/2023\/09\/divert-3.jpg 800w, https:\/\/weddingcalleventos.com\/wp-content\/uploads\/2023\/09\/divert-3-300x188.jpg 300w, https:\/\/weddingcalleventos.com\/wp-content\/uploads\/2023\/09\/divert-3-768x480.jpg 768w, https:\/\/weddingcalleventos.com\/wp-content\/uploads\/2023\/09\/divert-3-18x12.jpg 18w\" sizes=\"auto, (max-width: 800px) 100vw, 800px\" \/>\t\t\t\t\t\t\t\t\t\t\t\t\t\t\t<\/div>\n\t\t\t\t<\/div>\n\t\t\t\t\t<\/div>\n\t\t<\/div>\n\t\t\t\t<div class=\"elementor-column elementor-col-50 elementor-inner-column elementor-element elementor-element-68de8b68\" data-id=\"68de8b68\" data-element_type=\"column\">\n\t\t\t<div class=\"elementor-widget-wrap elementor-element-populated\">\n\t\t\t\t\t\t\t\t<div class=\"elementor-element elementor-element-63fe1413 elementor-widget elementor-widget-text-editor\" data-id=\"63fe1413\" data-element_type=\"widget\" data-widget_type=\"text-editor.default\">\n\t\t\t\t<div class=\"elementor-widget-container\">\n\t\t\t\t\t\t\t<p>With a track record of many years and a <strong>team of highly trained professionals<\/strong>, we guarantee the safety of the little ones at all times.For this reaseon, we have a selection of moder inflatables and current themes, which are subject to regular inspections to ensure your <strong>quality and safety.<\/strong><\/p><p>We put at your disposal a <strong>wide variety of inflatables<\/strong> that can be easily combined for both the small as well as big enjoy it to the fullest. This allows us to offer playgrounds that are perfectly suited to the particularities of each event.<\/p>\t\t\t\t\t\t<\/div>\n\t\t\t\t<\/div>\n\t\t\t\t\t<\/div>\n\t\t<\/div>\n\t\t\t\t\t\t\t<\/div>\n\t\t<\/section>\n\t\t\t\t\t<\/div>\n\t\t<\/div>\n\t\t\t\t\t\t\t<\/div>\n\t\t<\/section>\n\t\t\t\t\t\t\t<\/div>","protected":false},"excerpt":{"rendered":"<p>HINCHABLES PLATAFORMA LA MEJOR OPCI\u00d3N PARA CUALQUIER EVENTO DIVERTILANDIA, LA MEJOR OPCI\u00d3N PARA INSTITUCIONES \u00a1Disponemos de una ampl\u00eda gama de inflables para que tu evento sea especial y \u00fanico! Con Divertilandia, te adentrar\u00e1s en un mundo de diversi\u00f3n sin l\u00edmites, tanto para ti como para tus hijos. Nos especializamos por completo en eventos sociales, desde [&hellip;]<\/p>","protected":false},"author":1,"featured_media":0,"parent":228,"menu_order":0,"comment_status":"closed","ping_status":"closed","template":"","meta":{"footnotes":""},"class_list":["post-365","page","type-page","status-publish","hentry"],"yoast_head":"<!-- This site is optimized with the Yoast SEO plugin v23.4 - https:\/\/yoast.com\/wordpress\/plugins\/seo\/ -->\n<title>HINCHABLES PLATAFORMA - WeddingCallEventos<\/title>\n<meta name=\"robots\" content=\"index, follow, max-snippet:-1, max-image-preview:large, max-video-preview:-1\" \/>\n<link rel=\"canonical\" href=\"https:\/\/weddingcalleventos.com\/en\/servicios\/hinchables-plataforma\/\" \/>\n<meta property=\"og:locale\" content=\"en_GB\" \/>\n<meta property=\"og:type\" content=\"article\" \/>\n<meta property=\"og:title\" content=\"HINCHABLES PLATAFORMA - WeddingCallEventos\" \/>\n<meta property=\"og:description\" content=\"HINCHABLES PLATAFORMA LA MEJOR OPCI\u00d3N PARA CUALQUIER EVENTO DIVERTILANDIA, LA MEJOR OPCI\u00d3N PARA INSTITUCIONES \u00a1Disponemos de una ampl\u00eda gama de inflables para que tu evento sea especial y \u00fanico! Con Divertilandia, te adentrar\u00e1s en un mundo de diversi\u00f3n sin l\u00edmites, tanto para ti como para tus hijos. Nos especializamos por completo en eventos sociales, desde [&hellip;]\" \/>\n<meta property=\"og:url\" content=\"https:\/\/weddingcalleventos.com\/en\/servicios\/hinchables-plataforma\/\" \/>\n<meta property=\"og:site_name\" content=\"WeddingCallEventos\" \/>\n<meta property=\"article:publisher\" content=\"https:\/\/www.facebook.com\/weddindcall\" \/>\n<meta property=\"article:modified_time\" content=\"2023-09-12T11:29:45+00:00\" \/>\n<meta property=\"og:image\" content=\"https:\/\/weddingcalleventos.com\/wp-content\/uploads\/2023\/09\/divert-2.jpg\" \/>\n<meta name=\"twitter:card\" content=\"summary_large_image\" \/>\n<meta name=\"twitter:label1\" content=\"Estimated reading time\" \/>\n\t<meta name=\"twitter:data1\" content=\"1 minute\" \/>\n<script type=\"application\/ld+json\" class=\"yoast-schema-graph\">{\"@context\":\"https:\/\/schema.org\",\"@graph\":[{\"@type\":\"WebPage\",\"@id\":\"https:\/\/weddingcalleventos.com\/servicios\/hinchables-plataforma\/\",\"url\":\"https:\/\/weddingcalleventos.com\/servicios\/hinchables-plataforma\/\",\"name\":\"HINCHABLES PLATAFORMA - WeddingCallEventos\",\"isPartOf\":{\"@id\":\"https:\/\/weddingcalleventos.com\/#website\"},\"primaryImageOfPage\":{\"@id\":\"https:\/\/weddingcalleventos.com\/servicios\/hinchables-plataforma\/#primaryimage\"},\"image\":{\"@id\":\"https:\/\/weddingcalleventos.com\/servicios\/hinchables-plataforma\/#primaryimage\"},\"thumbnailUrl\":\"https:\/\/weddingcalleventos.com\/wp-content\/uploads\/2023\/09\/divert-2.jpg\",\"datePublished\":\"2023-09-12T11:16:54+00:00\",\"dateModified\":\"2023-09-12T11:29:45+00:00\",\"breadcrumb\":{\"@id\":\"https:\/\/weddingcalleventos.com\/servicios\/hinchables-plataforma\/#breadcrumb\"},\"inLanguage\":\"en-GB\",\"potentialAction\":[{\"@type\":\"ReadAction\",\"target\":[\"https:\/\/weddingcalleventos.com\/servicios\/hinchables-plataforma\/\"]}]},{\"@type\":\"ImageObject\",\"inLanguage\":\"en-GB\",\"@id\":\"https:\/\/weddingcalleventos.com\/servicios\/hinchables-plataforma\/#primaryimage\",\"url\":\"https:\/\/weddingcalleventos.com\/wp-content\/uploads\/2023\/09\/divert-2.jpg\",\"contentUrl\":\"https:\/\/weddingcalleventos.com\/wp-content\/uploads\/2023\/09\/divert-2.jpg\"},{\"@type\":\"BreadcrumbList\",\"@id\":\"https:\/\/weddingcalleventos.com\/servicios\/hinchables-plataforma\/#breadcrumb\",\"itemListElement\":[{\"@type\":\"ListItem\",\"position\":1,\"name\":\"Portada\",\"item\":\"https:\/\/weddingcalleventos.com\/\"},{\"@type\":\"ListItem\",\"position\":2,\"name\":\"Servicios\",\"item\":\"https:\/\/weddingcalleventos.com\/servicios\/\"},{\"@type\":\"ListItem\",\"position\":3,\"name\":\"HINCHABLES PLATAFORMA\"}]},{\"@type\":\"WebSite\",\"@id\":\"https:\/\/weddingcalleventos.com\/#website\",\"url\":\"https:\/\/weddingcalleventos.com\/\",\"name\":\"Wedding Call Eventos\",\"description\":\"\",\"publisher\":{\"@id\":\"https:\/\/weddingcalleventos.com\/#organization\"},\"potentialAction\":[{\"@type\":\"SearchAction\",\"target\":{\"@type\":\"EntryPoint\",\"urlTemplate\":\"https:\/\/weddingcalleventos.com\/?s={search_term_string}\"},\"query-input\":{\"@type\":\"PropertyValueSpecification\",\"valueRequired\":true,\"valueName\":\"search_term_string\"}}],\"inLanguage\":\"en-GB\"},{\"@type\":\"Organization\",\"@id\":\"https:\/\/weddingcalleventos.com\/#organization\",\"name\":\"Wedding Call Eventos\",\"url\":\"https:\/\/weddingcalleventos.com\/\",\"logo\":{\"@type\":\"ImageObject\",\"inLanguage\":\"en-GB\",\"@id\":\"https:\/\/weddingcalleventos.com\/#\/schema\/logo\/image\/\",\"url\":\"https:\/\/weddingcalleventos.com\/wp-content\/uploads\/2023\/09\/web-logo-wdc.png\",\"contentUrl\":\"https:\/\/weddingcalleventos.com\/wp-content\/uploads\/2023\/09\/web-logo-wdc.png\",\"width\":393,\"height\":95,\"caption\":\"Wedding Call Eventos\"},\"image\":{\"@id\":\"https:\/\/weddingcalleventos.com\/#\/schema\/logo\/image\/\"},\"sameAs\":[\"https:\/\/www.facebook.com\/weddindcall\",\"https:\/\/www.instagram.com\/wedding.call\/\"]}]}<\/script>\n<!-- \/ Yoast SEO plugin. -->","yoast_head_json":{"title":"HINCHABLES PLATAFORMA - WeddingCallEventos","robots":{"index":"index","follow":"follow","max-snippet":"max-snippet:-1","max-image-preview":"max-image-preview:large","max-video-preview":"max-video-preview:-1"},"canonical":"https:\/\/weddingcalleventos.com\/en\/servicios\/hinchables-plataforma\/","og_locale":"en_GB","og_type":"article","og_title":"HINCHABLES PLATAFORMA - WeddingCallEventos","og_description":"HINCHABLES PLATAFORMA LA MEJOR OPCI\u00d3N PARA CUALQUIER EVENTO DIVERTILANDIA, LA MEJOR OPCI\u00d3N PARA INSTITUCIONES \u00a1Disponemos de una ampl\u00eda gama de inflables para que tu evento sea especial y \u00fanico! Con Divertilandia, te adentrar\u00e1s en un mundo de diversi\u00f3n sin l\u00edmites, tanto para ti como para tus hijos. Nos especializamos por completo en eventos sociales, desde [&hellip;]","og_url":"https:\/\/weddingcalleventos.com\/en\/servicios\/hinchables-plataforma\/","og_site_name":"WeddingCallEventos","article_publisher":"https:\/\/www.facebook.com\/weddindcall","article_modified_time":"2023-09-12T11:29:45+00:00","og_image":[{"url":"https:\/\/weddingcalleventos.com\/wp-content\/uploads\/2023\/09\/divert-2.jpg"}],"twitter_card":"summary_large_image","twitter_misc":{"Estimated reading time":"1 minute"},"schema":{"@context":"https:\/\/schema.org","@graph":[{"@type":"WebPage","@id":"https:\/\/weddingcalleventos.com\/servicios\/hinchables-plataforma\/","url":"https:\/\/weddingcalleventos.com\/servicios\/hinchables-plataforma\/","name":"HINCHABLES PLATAFORMA - WeddingCallEventos","isPartOf":{"@id":"https:\/\/weddingcalleventos.com\/#website"},"primaryImageOfPage":{"@id":"https:\/\/weddingcalleventos.com\/servicios\/hinchables-plataforma\/#primaryimage"},"image":{"@id":"https:\/\/weddingcalleventos.com\/servicios\/hinchables-plataforma\/#primaryimage"},"thumbnailUrl":"https:\/\/weddingcalleventos.com\/wp-content\/uploads\/2023\/09\/divert-2.jpg","datePublished":"2023-09-12T11:16:54+00:00","dateModified":"2023-09-12T11:29:45+00:00","breadcrumb":{"@id":"https:\/\/weddingcalleventos.com\/servicios\/hinchables-plataforma\/#breadcrumb"},"inLanguage":"en-GB","potentialAction":[{"@type":"ReadAction","target":["https:\/\/weddingcalleventos.com\/servicios\/hinchables-plataforma\/"]}]},{"@type":"ImageObject","inLanguage":"en-GB","@id":"https:\/\/weddingcalleventos.com\/servicios\/hinchables-plataforma\/#primaryimage","url":"https:\/\/weddingcalleventos.com\/wp-content\/uploads\/2023\/09\/divert-2.jpg","contentUrl":"https:\/\/weddingcalleventos.com\/wp-content\/uploads\/2023\/09\/divert-2.jpg"},{"@type":"BreadcrumbList","@id":"https:\/\/weddingcalleventos.com\/servicios\/hinchables-plataforma\/#breadcrumb","itemListElement":[{"@type":"ListItem","position":1,"name":"Portada","item":"https:\/\/weddingcalleventos.com\/"},{"@type":"ListItem","position":2,"name":"Servicios","item":"https:\/\/weddingcalleventos.com\/servicios\/"},{"@type":"ListItem","position":3,"name":"HINCHABLES PLATAFORMA"}]},{"@type":"WebSite","@id":"https:\/\/weddingcalleventos.com\/#website","url":"https:\/\/weddingcalleventos.com\/","name":"Wedding Call Eventos","description":"","publisher":{"@id":"https:\/\/weddingcalleventos.com\/#organization"},"potentialAction":[{"@type":"SearchAction","target":{"@type":"EntryPoint","urlTemplate":"https:\/\/weddingcalleventos.com\/?s={search_term_string}"},"query-input":{"@type":"PropertyValueSpecification","valueRequired":true,"valueName":"search_term_string"}}],"inLanguage":"en-GB"},{"@type":"Organization","@id":"https:\/\/weddingcalleventos.com\/#organization","name":"Wedding Call Eventos","url":"https:\/\/weddingcalleventos.com\/","logo":{"@type":"ImageObject","inLanguage":"en-GB","@id":"https:\/\/weddingcalleventos.com\/#\/schema\/logo\/image\/","url":"https:\/\/weddingcalleventos.com\/wp-content\/uploads\/2023\/09\/web-logo-wdc.png","contentUrl":"https:\/\/weddingcalleventos.com\/wp-content\/uploads\/2023\/09\/web-logo-wdc.png","width":393,"height":95,"caption":"Wedding Call Eventos"},"image":{"@id":"https:\/\/weddingcalleventos.com\/#\/schema\/logo\/image\/"},"sameAs":["https:\/\/www.facebook.com\/weddindcall","https:\/\/www.instagram.com\/wedding.call\/"]}]}},"_links":{"self":[{"href":"https:\/\/weddingcalleventos.com\/en\/wp-json\/wp\/v2\/pages\/365","targetHints":{"allow":["GET"]}}],"collection":[{"href":"https:\/\/weddingcalleventos.com\/en\/wp-json\/wp\/v2\/pages"}],"about":[{"href":"https:\/\/weddingcalleventos.com\/en\/wp-json\/wp\/v2\/types\/page"}],"author":[{"embeddable":true,"href":"https:\/\/weddingcalleventos.com\/en\/wp-json\/wp\/v2\/users\/1"}],"replies":[{"embeddable":true,"href":"https:\/\/weddingcalleventos.com\/en\/wp-json\/wp\/v2\/comments?post=365"}],"version-history":[{"count":10,"href":"https:\/\/weddingcalleventos.com\/en\/wp-json\/wp\/v2\/pages\/365\/revisions"}],"predecessor-version":[{"id":389,"href":"https:\/\/weddingcalleventos.com\/en\/wp-json\/wp\/v2\/pages\/365\/revisions\/389"}],"up":[{"embeddable":true,"href":"https:\/\/weddingcalleventos.com\/en\/wp-json\/wp\/v2\/pages\/228"}],"wp:attachment":[{"href":"https:\/\/weddingcalleventos.com\/en\/wp-json\/wp\/v2\/media?parent=365"}],"curies":[{"name":"wp","href":"https:\/\/api.w.org\/{rel}","templated":true}]}}