{"id":167,"date":"2023-09-11T21:59:50","date_gmt":"2023-09-11T19:59:50","guid":{"rendered":"https:\/\/weddingcalleventos.com\/?page_id=167"},"modified":"2024-02-22T19:12:35","modified_gmt":"2024-02-22T18:12:35","slug":"conocenos-exito-en-tus-eventos","status":"publish","type":"page","link":"https:\/\/weddingcalleventos.com\/en\/conocenos-exito-en-tus-eventos\/","title":{"rendered":"Con\u00f3cenos"},"content":{"rendered":"<div data-elementor-type=\"wp-page\" data-elementor-id=\"167\" class=\"elementor elementor-167\" data-elementor-post-type=\"page\">\n\t\t\t\t\t\t\t\t\t<section class=\"elementor-section elementor-top-section elementor-element elementor-element-8b1ae70 elementor-section-boxed elementor-section-height-default elementor-section-height-default\" data-id=\"8b1ae70\" data-element_type=\"section\">\n\t\t\t\t\t\t<div class=\"elementor-container elementor-column-gap-default\">\n\t\t\t\t\t<div class=\"elementor-column elementor-col-100 elementor-top-column elementor-element elementor-element-de45500\" data-id=\"de45500\" data-element_type=\"column\">\n\t\t\t<div class=\"elementor-widget-wrap elementor-element-populated\">\n\t\t\t\t\t\t\t\t<div class=\"elementor-element elementor-element-397b6d7 elementor-widget elementor-widget-heading\" data-id=\"397b6d7\" data-element_type=\"widget\" data-widget_type=\"heading.default\">\n\t\t\t\t<div class=\"elementor-widget-container\">\n\t\t\t<style>\/*! elementor - v3.15.0 - 20-08-2023 *\/\n.elementor-heading-title{padding:0;margin:0;line-height:1}.elementor-widget-heading .elementor-heading-title[class*=elementor-size-]>a{color:inherit;font-size:inherit;line-height:inherit}.elementor-widget-heading .elementor-heading-title.elementor-size-small{font-size:15px}.elementor-widget-heading .elementor-heading-title.elementor-size-medium{font-size:19px}.elementor-widget-heading .elementor-heading-title.elementor-size-large{font-size:29px}.elementor-widget-heading .elementor-heading-title.elementor-size-xl{font-size:39px}.elementor-widget-heading .elementor-heading-title.elementor-size-xxl{font-size:59px}<\/style><h1 class=\"elementor-heading-title elementor-size-default\">ABOUT US<\/h1>\t\t<\/div>\n\t\t\t\t<\/div>\n\t\t\t\t<section class=\"elementor-section elementor-inner-section elementor-element elementor-element-40c031d elementor-section-boxed elementor-section-height-default elementor-section-height-default\" data-id=\"40c031d\" data-element_type=\"section\">\n\t\t\t\t\t\t<div class=\"elementor-container elementor-column-gap-default\">\n\t\t\t\t\t<div class=\"elementor-column elementor-col-50 elementor-inner-column elementor-element elementor-element-7f4b774\" data-id=\"7f4b774\" data-element_type=\"column\">\n\t\t\t<div class=\"elementor-widget-wrap elementor-element-populated\">\n\t\t\t\t\t\t\t\t<div class=\"elementor-element elementor-element-381ec20 elementor-widget elementor-widget-image\" data-id=\"381ec20\" data-element_type=\"widget\" data-widget_type=\"image.default\">\n\t\t\t\t<div class=\"elementor-widget-container\">\n\t\t\t<style>\/*! elementor - v3.15.0 - 20-08-2023 *\/\n.elementor-widget-image{text-align:center}.elementor-widget-image a{display:inline-block}.elementor-widget-image a img[src$=\".svg\"]{width:48px}.elementor-widget-image img{vertical-align:middle;display:inline-block}<\/style>\t\t\t\t\t\t\t\t\t\t\t\t<img loading=\"lazy\" decoding=\"async\" width=\"393\" height=\"95\" src=\"https:\/\/weddingcalleventos.com\/wp-content\/uploads\/2023\/09\/web-logo-wdc.png\" class=\"attachment-large size-large wp-image-16\" alt=\"Logo Wedding Call Eventos. Te aseguramos el \u00e9xito de cualquier evento.\" \/>\t\t\t\t\t\t\t\t\t\t\t\t\t\t\t<\/div>\n\t\t\t\t<\/div>\n\t\t\t\t<div class=\"elementor-element elementor-element-8176897 elementor-widget elementor-widget-heading\" data-id=\"8176897\" data-element_type=\"widget\" data-widget_type=\"heading.default\">\n\t\t\t\t<div class=\"elementor-widget-container\">\n\t\t\t<h2 class=\"elementor-heading-title elementor-size-default\">\u00a1Te aseguramos el \u00e9xito de cualquier evento!<\/h2>\t\t<\/div>\n\t\t\t\t<\/div>\n\t\t\t\t\t<\/div>\n\t\t<\/div>\n\t\t\t\t<div class=\"elementor-column elementor-col-50 elementor-inner-column elementor-element elementor-element-42c8598\" data-id=\"42c8598\" data-element_type=\"column\">\n\t\t\t<div class=\"elementor-widget-wrap elementor-element-populated\">\n\t\t\t\t\t\t\t\t<div class=\"elementor-element elementor-element-7603a06 elementor-widget elementor-widget-text-editor\" data-id=\"7603a06\" data-element_type=\"widget\" data-widget_type=\"text-editor.default\">\n\t\t\t\t<div class=\"elementor-widget-container\">\n\t\t\t<style>\/*! elementor - v3.15.0 - 20-08-2023 *\/\n.elementor-widget-text-editor.elementor-drop-cap-view-stacked .elementor-drop-cap{background-color:#69727d;color:#fff}.elementor-widget-text-editor.elementor-drop-cap-view-framed .elementor-drop-cap{color:#69727d;border:3px solid;background-color:transparent}.elementor-widget-text-editor:not(.elementor-drop-cap-view-default) .elementor-drop-cap{margin-top:8px}.elementor-widget-text-editor:not(.elementor-drop-cap-view-default) .elementor-drop-cap-letter{width:1em;height:1em}.elementor-widget-text-editor .elementor-drop-cap{float:left;text-align:center;line-height:1;font-size:50px}.elementor-widget-text-editor .elementor-drop-cap-letter{display:inline-block}<\/style>\t\t\t\t<p>Somos Wedding Call Eventos, una empresa dedicada a la animaci\u00f3n y servicios t\u00e9cnicos y material de \u00faltima generaci\u00f3n. Creemos que unos servicios y material de calidad son necesarios para el \u00e9xito de cualquier evento. Te aseguramos el \u00e9xito de cualquier evento.<\/p><p>Wedding Call Eventos fue fundada hace 7 a\u00f1os para cubrir las necesidades que hab\u00eda en la comarca de la Sierra Sur de Ja\u00e9n. Empezamos con un peque\u00f1o cat\u00e1logo de servicios, pero pronto nos dimos cuenta de que hab\u00eda una gran demanda de otros servicios que con el tiempo hemos ido incorporado.<\/p><p>Valoramos la calidad de nuestros servicios, el reconocimiento de nuestro equipo humano, que sin ellos esto no ser\u00e1 posible, la exclusividad de nuestros eventos, y siempre estando a la \u00faltima en novedades del gremio.<\/p>\t\t\t\t\t\t<\/div>\n\t\t\t\t<\/div>\n\t\t\t\t\t<\/div>\n\t\t<\/div>\n\t\t\t\t\t\t\t<\/div>\n\t\t<\/section>\n\t\t\t\t<section class=\"elementor-section elementor-inner-section elementor-element elementor-element-764741a elementor-section-boxed elementor-section-height-default elementor-section-height-default\" data-id=\"764741a\" data-element_type=\"section\">\n\t\t\t\t\t\t<div class=\"elementor-container elementor-column-gap-default\">\n\t\t\t\t\t<div class=\"elementor-column elementor-col-50 elementor-inner-column elementor-element elementor-element-d273430\" data-id=\"d273430\" data-element_type=\"column\">\n\t\t\t<div class=\"elementor-widget-wrap elementor-element-populated\">\n\t\t\t\t\t\t\t\t<div class=\"elementor-element elementor-element-919e158 elementor-widget elementor-widget-text-editor\" data-id=\"919e158\" data-element_type=\"widget\" data-widget_type=\"text-editor.default\">\n\t\t\t\t<div class=\"elementor-widget-container\">\n\t\t\t\t\t\t\t<p>Tenemos un equipo formado por un grupo de profesionales apasionados de su trabajo. Cada uno de nosotros tiene una experiencia y conocimiento del mundo de la animaci\u00f3n, ya sea infantiles o p\u00fablico adulto. Aqu\u00ed te presentamos brevemente a nuestros l\u00edderes:<\/p>\n<p>\u2022 Vanessa Carrillo Vega: Manager <br>\u2022 Francisco Bravo Bello: Technical<br>\u2022 Fan zafra: Monitor<br>\u2022 Laura Gallego: Monitors<br>\u2022 Ismael: Monitor <br>\u2022 Estefan\u00eda : Monitora<br>\u2022 David S\u00e1nchez: Monitor <br>\u2022 Abraham: Monitor <br>\u2022 Aurora : Monitor<br>\u2022 Laura: Monitor<\/p>\n<p>Our job is to make your event unique, fun, and professional. Our vision is to be recognized as a safe bet and exclusive to organize any event.<\/p>\t\t\t\t\t\t<\/div>\n\t\t\t\t<\/div>\n\t\t\t\t<div class=\"elementor-element elementor-element-b5029f9 elementor-widget elementor-widget-heading\" data-id=\"b5029f9\" data-element_type=\"widget\" data-widget_type=\"heading.default\">\n\t\t\t\t<div class=\"elementor-widget-container\">\n\t\t\t<h2 class=\"elementor-heading-title elementor-size-default\">WE ARE ALWAYS READY!<\/h2>\t\t<\/div>\n\t\t\t\t<\/div>\n\t\t\t\t\t<\/div>\n\t\t<\/div>\n\t\t\t\t<div class=\"elementor-column elementor-col-50 elementor-inner-column elementor-element elementor-element-2d63d00\" data-id=\"2d63d00\" data-element_type=\"column\">\n\t\t\t<div class=\"elementor-widget-wrap elementor-element-populated\">\n\t\t\t\t\t\t\t\t<div class=\"elementor-element elementor-element-abdabbd elementor-widget elementor-widget-image\" data-id=\"abdabbd\" data-element_type=\"widget\" data-widget_type=\"image.default\">\n\t\t\t\t<div class=\"elementor-widget-container\">\n\t\t\t\t\t\t\t\t\t\t\t\t\t\t\t<img loading=\"lazy\" decoding=\"async\" width=\"800\" height=\"567\" src=\"https:\/\/weddingcalleventos.com\/wp-content\/uploads\/2023\/09\/conocenos.jpg\" class=\"attachment-large size-large wp-image-170\" alt=\"Fotograf\u00eda del CEO de wedding call eventos trabajando con el equipo de sonido\" \/>\t\t\t\t\t\t\t\t\t\t\t\t\t\t\t<\/div>\n\t\t\t\t<\/div>\n\t\t\t\t\t<\/div>\n\t\t<\/div>\n\t\t\t\t\t\t\t<\/div>\n\t\t<\/section>\n\t\t\t\t\t<\/div>\n\t\t<\/div>\n\t\t\t\t\t\t\t<\/div>\n\t\t<\/section>\n\t\t\t\t\t\t\t<\/div>","protected":false},"excerpt":{"rendered":"<p>CON\u00d3CENOS \u00a1Te aseguramos el \u00e9xito de cualquier evento! Somos Wedding Call Eventos, una empresa dedicada a la animaci\u00f3n y servicios t\u00e9cnicos y material de \u00faltima generaci\u00f3n. Creemos que unos servicios y material de calidad son necesarios para el \u00e9xito de cualquier evento. Te aseguramos el \u00e9xito de cualquier evento. Wedding Call Eventos fue fundada hace [&hellip;]<\/p>","protected":false},"author":1,"featured_media":0,"parent":0,"menu_order":0,"comment_status":"closed","ping_status":"closed","template":"","meta":{"footnotes":""},"class_list":["post-167","page","type-page","status-publish","hentry"],"yoast_head":"<!-- This site is optimized with the Yoast SEO plugin v23.4 - https:\/\/yoast.com\/wordpress\/plugins\/seo\/ -->\n<title>WeddingCallEventos | Quienes s\u00f3mos<\/title>\n<meta name=\"description\" content=\"Somos una empresa dedicada a la animaci\u00f3n, servicios t\u00e9cnicos y material de \u00faltima generaci\u00f3n Te aseguramos el \u00e9xito en cualquier evento.\" \/>\n<meta name=\"robots\" content=\"index, follow, max-snippet:-1, max-image-preview:large, max-video-preview:-1\" \/>\n<link rel=\"canonical\" href=\"https:\/\/weddingcalleventos.com\/en\/conocenos-exito-en-tus-eventos\/\" \/>\n<meta property=\"og:locale\" content=\"en_GB\" \/>\n<meta property=\"og:type\" content=\"article\" \/>\n<meta property=\"og:title\" content=\"WeddingCallEventos | Quienes s\u00f3mos\" \/>\n<meta property=\"og:description\" content=\"Somos una empresa dedicada a la animaci\u00f3n, servicios t\u00e9cnicos y material de \u00faltima generaci\u00f3n Te aseguramos el \u00e9xito en cualquier evento.\" \/>\n<meta property=\"og:url\" content=\"https:\/\/weddingcalleventos.com\/en\/conocenos-exito-en-tus-eventos\/\" \/>\n<meta property=\"og:site_name\" content=\"WeddingCallEventos\" \/>\n<meta property=\"article:publisher\" content=\"https:\/\/www.facebook.com\/weddindcall\" \/>\n<meta property=\"article:modified_time\" content=\"2024-02-22T18:12:35+00:00\" \/>\n<meta property=\"og:image\" content=\"https:\/\/weddingcalleventos.com\/wp-content\/uploads\/2023\/09\/web-logo-wdc.png\" \/>\n<meta name=\"twitter:card\" content=\"summary_large_image\" \/>\n<meta name=\"twitter:label1\" content=\"Estimated reading time\" \/>\n\t<meta name=\"twitter:data1\" content=\"2 minutes\" \/>\n<script type=\"application\/ld+json\" class=\"yoast-schema-graph\">{\"@context\":\"https:\/\/schema.org\",\"@graph\":[{\"@type\":\"WebPage\",\"@id\":\"https:\/\/weddingcalleventos.com\/conocenos-exito-en-tus-eventos\/\",\"url\":\"https:\/\/weddingcalleventos.com\/conocenos-exito-en-tus-eventos\/\",\"name\":\"WeddingCallEventos | Quienes s\u00f3mos\",\"isPartOf\":{\"@id\":\"https:\/\/weddingcalleventos.com\/#website\"},\"primaryImageOfPage\":{\"@id\":\"https:\/\/weddingcalleventos.com\/conocenos-exito-en-tus-eventos\/#primaryimage\"},\"image\":{\"@id\":\"https:\/\/weddingcalleventos.com\/conocenos-exito-en-tus-eventos\/#primaryimage\"},\"thumbnailUrl\":\"https:\/\/weddingcalleventos.com\/wp-content\/uploads\/2023\/09\/web-logo-wdc.png\",\"datePublished\":\"2023-09-11T19:59:50+00:00\",\"dateModified\":\"2024-02-22T18:12:35+00:00\",\"description\":\"Somos una empresa dedicada a la animaci\u00f3n, servicios t\u00e9cnicos y material de \u00faltima generaci\u00f3n Te aseguramos el \u00e9xito en cualquier evento.\",\"breadcrumb\":{\"@id\":\"https:\/\/weddingcalleventos.com\/conocenos-exito-en-tus-eventos\/#breadcrumb\"},\"inLanguage\":\"en-GB\",\"potentialAction\":[{\"@type\":\"ReadAction\",\"target\":[\"https:\/\/weddingcalleventos.com\/conocenos-exito-en-tus-eventos\/\"]}]},{\"@type\":\"ImageObject\",\"inLanguage\":\"en-GB\",\"@id\":\"https:\/\/weddingcalleventos.com\/conocenos-exito-en-tus-eventos\/#primaryimage\",\"url\":\"https:\/\/weddingcalleventos.com\/wp-content\/uploads\/2023\/09\/web-logo-wdc.png\",\"contentUrl\":\"https:\/\/weddingcalleventos.com\/wp-content\/uploads\/2023\/09\/web-logo-wdc.png\"},{\"@type\":\"BreadcrumbList\",\"@id\":\"https:\/\/weddingcalleventos.com\/conocenos-exito-en-tus-eventos\/#breadcrumb\",\"itemListElement\":[{\"@type\":\"ListItem\",\"position\":1,\"name\":\"Portada\",\"item\":\"https:\/\/weddingcalleventos.com\/\"},{\"@type\":\"ListItem\",\"position\":2,\"name\":\"Con\u00f3cenos\"}]},{\"@type\":\"WebSite\",\"@id\":\"https:\/\/weddingcalleventos.com\/#website\",\"url\":\"https:\/\/weddingcalleventos.com\/\",\"name\":\"Wedding Call Eventos\",\"description\":\"\",\"publisher\":{\"@id\":\"https:\/\/weddingcalleventos.com\/#organization\"},\"potentialAction\":[{\"@type\":\"SearchAction\",\"target\":{\"@type\":\"EntryPoint\",\"urlTemplate\":\"https:\/\/weddingcalleventos.com\/?s={search_term_string}\"},\"query-input\":{\"@type\":\"PropertyValueSpecification\",\"valueRequired\":true,\"valueName\":\"search_term_string\"}}],\"inLanguage\":\"en-GB\"},{\"@type\":\"Organization\",\"@id\":\"https:\/\/weddingcalleventos.com\/#organization\",\"name\":\"Wedding Call Eventos\",\"url\":\"https:\/\/weddingcalleventos.com\/\",\"logo\":{\"@type\":\"ImageObject\",\"inLanguage\":\"en-GB\",\"@id\":\"https:\/\/weddingcalleventos.com\/#\/schema\/logo\/image\/\",\"url\":\"https:\/\/weddingcalleventos.com\/wp-content\/uploads\/2023\/09\/web-logo-wdc.png\",\"contentUrl\":\"https:\/\/weddingcalleventos.com\/wp-content\/uploads\/2023\/09\/web-logo-wdc.png\",\"width\":393,\"height\":95,\"caption\":\"Wedding Call Eventos\"},\"image\":{\"@id\":\"https:\/\/weddingcalleventos.com\/#\/schema\/logo\/image\/\"},\"sameAs\":[\"https:\/\/www.facebook.com\/weddindcall\",\"https:\/\/www.instagram.com\/wedding.call\/\"]}]}<\/script>\n<!-- \/ Yoast SEO plugin. -->","yoast_head_json":{"title":"WeddingCallEventos | Quienes s\u00f3mos","description":"Somos una empresa dedicada a la animaci\u00f3n, servicios t\u00e9cnicos y material de \u00faltima generaci\u00f3n Te aseguramos el \u00e9xito en cualquier evento.","robots":{"index":"index","follow":"follow","max-snippet":"max-snippet:-1","max-image-preview":"max-image-preview:large","max-video-preview":"max-video-preview:-1"},"canonical":"https:\/\/weddingcalleventos.com\/en\/conocenos-exito-en-tus-eventos\/","og_locale":"en_GB","og_type":"article","og_title":"WeddingCallEventos | Quienes s\u00f3mos","og_description":"Somos una empresa dedicada a la animaci\u00f3n, servicios t\u00e9cnicos y material de \u00faltima generaci\u00f3n Te aseguramos el \u00e9xito en cualquier evento.","og_url":"https:\/\/weddingcalleventos.com\/en\/conocenos-exito-en-tus-eventos\/","og_site_name":"WeddingCallEventos","article_publisher":"https:\/\/www.facebook.com\/weddindcall","article_modified_time":"2024-02-22T18:12:35+00:00","og_image":[{"url":"https:\/\/weddingcalleventos.com\/wp-content\/uploads\/2023\/09\/web-logo-wdc.png"}],"twitter_card":"summary_large_image","twitter_misc":{"Estimated reading time":"2 minutes"},"schema":{"@context":"https:\/\/schema.org","@graph":[{"@type":"WebPage","@id":"https:\/\/weddingcalleventos.com\/conocenos-exito-en-tus-eventos\/","url":"https:\/\/weddingcalleventos.com\/conocenos-exito-en-tus-eventos\/","name":"WeddingCallEventos | Quienes s\u00f3mos","isPartOf":{"@id":"https:\/\/weddingcalleventos.com\/#website"},"primaryImageOfPage":{"@id":"https:\/\/weddingcalleventos.com\/conocenos-exito-en-tus-eventos\/#primaryimage"},"image":{"@id":"https:\/\/weddingcalleventos.com\/conocenos-exito-en-tus-eventos\/#primaryimage"},"thumbnailUrl":"https:\/\/weddingcalleventos.com\/wp-content\/uploads\/2023\/09\/web-logo-wdc.png","datePublished":"2023-09-11T19:59:50+00:00","dateModified":"2024-02-22T18:12:35+00:00","description":"Somos una empresa dedicada a la animaci\u00f3n, servicios t\u00e9cnicos y material de \u00faltima generaci\u00f3n Te aseguramos el \u00e9xito en cualquier evento.","breadcrumb":{"@id":"https:\/\/weddingcalleventos.com\/conocenos-exito-en-tus-eventos\/#breadcrumb"},"inLanguage":"en-GB","potentialAction":[{"@type":"ReadAction","target":["https:\/\/weddingcalleventos.com\/conocenos-exito-en-tus-eventos\/"]}]},{"@type":"ImageObject","inLanguage":"en-GB","@id":"https:\/\/weddingcalleventos.com\/conocenos-exito-en-tus-eventos\/#primaryimage","url":"https:\/\/weddingcalleventos.com\/wp-content\/uploads\/2023\/09\/web-logo-wdc.png","contentUrl":"https:\/\/weddingcalleventos.com\/wp-content\/uploads\/2023\/09\/web-logo-wdc.png"},{"@type":"BreadcrumbList","@id":"https:\/\/weddingcalleventos.com\/conocenos-exito-en-tus-eventos\/#breadcrumb","itemListElement":[{"@type":"ListItem","position":1,"name":"Portada","item":"https:\/\/weddingcalleventos.com\/"},{"@type":"ListItem","position":2,"name":"Con\u00f3cenos"}]},{"@type":"WebSite","@id":"https:\/\/weddingcalleventos.com\/#website","url":"https:\/\/weddingcalleventos.com\/","name":"Wedding Call Eventos","description":"","publisher":{"@id":"https:\/\/weddingcalleventos.com\/#organization"},"potentialAction":[{"@type":"SearchAction","target":{"@type":"EntryPoint","urlTemplate":"https:\/\/weddingcalleventos.com\/?s={search_term_string}"},"query-input":{"@type":"PropertyValueSpecification","valueRequired":true,"valueName":"search_term_string"}}],"inLanguage":"en-GB"},{"@type":"Organization","@id":"https:\/\/weddingcalleventos.com\/#organization","name":"Wedding Call Eventos","url":"https:\/\/weddingcalleventos.com\/","logo":{"@type":"ImageObject","inLanguage":"en-GB","@id":"https:\/\/weddingcalleventos.com\/#\/schema\/logo\/image\/","url":"https:\/\/weddingcalleventos.com\/wp-content\/uploads\/2023\/09\/web-logo-wdc.png","contentUrl":"https:\/\/weddingcalleventos.com\/wp-content\/uploads\/2023\/09\/web-logo-wdc.png","width":393,"height":95,"caption":"Wedding Call Eventos"},"image":{"@id":"https:\/\/weddingcalleventos.com\/#\/schema\/logo\/image\/"},"sameAs":["https:\/\/www.facebook.com\/weddindcall","https:\/\/www.instagram.com\/wedding.call\/"]}]}},"_links":{"self":[{"href":"https:\/\/weddingcalleventos.com\/en\/wp-json\/wp\/v2\/pages\/167","targetHints":{"allow":["GET"]}}],"collection":[{"href":"https:\/\/weddingcalleventos.com\/en\/wp-json\/wp\/v2\/pages"}],"about":[{"href":"https:\/\/weddingcalleventos.com\/en\/wp-json\/wp\/v2\/types\/page"}],"author":[{"embeddable":true,"href":"https:\/\/weddingcalleventos.com\/en\/wp-json\/wp\/v2\/users\/1"}],"replies":[{"embeddable":true,"href":"https:\/\/weddingcalleventos.com\/en\/wp-json\/wp\/v2\/comments?post=167"}],"version-history":[{"count":38,"href":"https:\/\/weddingcalleventos.com\/en\/wp-json\/wp\/v2\/pages\/167\/revisions"}],"predecessor-version":[{"id":578,"href":"https:\/\/weddingcalleventos.com\/en\/wp-json\/wp\/v2\/pages\/167\/revisions\/578"}],"wp:attachment":[{"href":"https:\/\/weddingcalleventos.com\/en\/wp-json\/wp\/v2\/media?parent=167"}],"curies":[{"name":"wp","href":"https:\/\/api.w.org\/{rel}","templated":true}]}}